{"id":8121,"date":"2018-06-20T15:42:28","date_gmt":"2018-06-20T13:42:28","guid":{"rendered":"https:\/\/www.redatech.ch\/beratung-betreuung\/"},"modified":"2020-08-17T09:57:53","modified_gmt":"2020-08-17T07:57:53","slug":"beratung-betreuung","status":"publish","type":"page","link":"https:\/\/www.redatech.ch\/de\/beratung-betreuung\/","title":{"rendered":"Beratung &#038; Betreuung"},"content":{"rendered":"<p>[vc_row full_width=&#8220;stretch_row_content_no_spaces&#8220; css=&#8220;.vc_custom_1511883728540{background-color: #f1f1f1 !important;}&#8220;][vc_column css=&#8220;.vc_custom_1511883697235{background-color: #f1f1f1 !important;background-position: center !important;background-repeat: no-repeat !important;background-size: cover !important;}&#8220;][vc_column_text]<link href=\"https:\/\/fonts.googleapis.com\/css?family=Open+Sans:400%7CMontserrat:400\" rel=\"stylesheet\" property=\"stylesheet\" type=\"text\/css\" media=\"all\">\n<div id=\"rev_slider_36_1_wrapper\" class=\"rev_slider_wrapper fullscreen-container\" data-source=\"gallery\" style=\"background:transparent;padding:0px;\">\n<!-- START REVOLUTION SLIDER 5.4.5 fullscreen mode -->\n\t<div id=\"rev_slider_36_1\" class=\"rev_slider fullscreenbanner\" style=\"display:none;\" data-version=\"5.4.5\">\n<ul>\t<!-- SLIDE  -->\n\t<li data-index=\"rs-83\" data-transition=\"fade\" data-slotamount=\"default\" data-hideafterloop=\"0\" data-hideslideonmobile=\"off\"  data-easein=\"default\" data-easeout=\"default\" data-masterspeed=\"300\"  data-rotate=\"0\"  data-saveperformance=\"off\"  data-title=\"Slide\" data-param1=\"\" data-param2=\"\" data-param3=\"\" data-param4=\"\" data-param5=\"\" data-param6=\"\" data-param7=\"\" data-param8=\"\" data-param9=\"\" data-param10=\"\" data-description=\"\">\n\t\t<!-- MAIN IMAGE -->\n\t\t<img src=\"https:\/\/www.redatech.ch\/wp-content\/uploads\/2018\/02\/shutterstock_-588063386-header.jpg\"  alt=\"\" title=\"shutterstock_-588063386-header\"  width=\"1800\" height=\"1199\" data-bgposition=\"center center\" data-bgfit=\"cover\" data-bgrepeat=\"no-repeat\" data-bgparallax=\"9\" class=\"rev-slidebg\" data-no-retina>\n\t\t<!-- LAYERS -->\n\n\t\t<!-- LAYER NR. 1 -->\n\t\t<div class=\"tp-caption tp-shape tp-shapewrapper  tp-resizeme\" \n\t\t\t id=\"slide-83-layer-2\" \n\t\t\t data-x=\"['center','center','center','center']\" data-hoffset=\"['0','0','0','0']\" \n\t\t\t data-y=\"['middle','middle','middle','middle']\" data-voffset=\"['0','0','0','0']\" \n\t\t\t\t\t\tdata-width=\"none\"\n\t\t\tdata-height=\"none\"\n\t\t\tdata-whitespace=\"nowrap\"\n\t\t\tdata-visibility=\"['off','off','off','off']\"\n \n\t\t\tdata-type=\"shape\" \n\t\t\tdata-responsive_offset=\"on\" \n\n\t\t\tdata-frames='[{\"delay\":10,\"speed\":300,\"frame\":\"0\",\"to\":\"o:1;\",\"ease\":\"Power3.easeInOut\"},{\"delay\":\"wait\",\"speed\":300,\"frame\":\"999\",\"to\":\"auto:auto;\",\"ease\":\"Power3.easeInOut\"}]'\n\t\t\tdata-textAlign=\"['inherit','inherit','inherit','inherit']\"\n\t\t\tdata-paddingtop=\"[0,0,0,0]\"\n\t\t\tdata-paddingright=\"[0,0,0,0]\"\n\t\t\tdata-paddingbottom=\"[0,0,0,0]\"\n\t\t\tdata-paddingleft=\"[0,0,0,0]\"\n\n\t\t\tstyle=\"z-index: 5;font-family:Open Sans;background-color:rgba(255,255,255,0.8);\"> <\/div>\n\n\t\t<!-- LAYER NR. 2 -->\n\t\t<div class=\"tp-caption   tp-resizeme  classpad\" \n\t\t\t id=\"slide-83-layer-3\" \n\t\t\t data-x=\"['left','left','left','center']\" data-hoffset=\"['48','48','13','0']\" \n\t\t\t data-y=\"['bottom','bottom','bottom','middle']\" data-voffset=\"['47','47','44','0']\" \n\t\t\t\t\t\tdata-fontsize=\"['48','48','42','26']\"\n\t\t\tdata-width=\"none\"\n\t\t\tdata-height=\"none\"\n\t\t\tdata-whitespace=\"nowrap\"\n\t\t\tdata-visibility=\"['on','on','on','off']\"\n \n\t\t\tdata-type=\"text\" \n\t\t\tdata-responsive_offset=\"on\" \n\n\t\t\tdata-frames='[{\"delay\":10,\"speed\":300,\"frame\":\"0\",\"from\":\"opacity:0;\",\"to\":\"o:1;\",\"ease\":\"Power3.easeInOut\"},{\"delay\":\"wait\",\"speed\":300,\"frame\":\"999\",\"to\":\"opacity:0;\",\"ease\":\"Power3.easeInOut\"}]'\n\t\t\tdata-textAlign=\"['inherit','inherit','inherit','inherit']\"\n\t\t\tdata-paddingtop=\"[0,0,0,0]\"\n\t\t\tdata-paddingright=\"[0,0,0,0]\"\n\t\t\tdata-paddingbottom=\"[0,0,0,0]\"\n\t\t\tdata-paddingleft=\"[0,0,0,0]\"\n\n\t\t\tstyle=\"z-index: 6; white-space: nowrap; font-size: 48px; line-height: 56px; font-weight: 400; color: #006e95; letter-spacing: 0px;font-family:Montserrat;\">Mit unserer Erfahrung und unseren <br> Kompetenzen begleiten wir Sie  <\/div>\n\n\t\t<!-- LAYER NR. 3 -->\n\t\t<div class=\"tp-caption   tp-resizeme  classpad\" \n\t\t\t id=\"slide-83-layer-4\" \n\t\t\t data-x=\"['left','left','left','center']\" data-hoffset=\"['48','48','13','11']\" \n\t\t\t data-y=\"['bottom','bottom','bottom','middle']\" data-voffset=\"['47','47','44','126']\" \n\t\t\t\t\t\tdata-fontsize=\"['48','48','42','26']\"\n\t\t\tdata-width=\"none\"\n\t\t\tdata-height=\"none\"\n\t\t\tdata-whitespace=\"nowrap\"\n\t\t\tdata-visibility=\"['off','off','off','on']\"\n \n\t\t\tdata-type=\"text\" \n\t\t\tdata-responsive_offset=\"on\" \n\n\t\t\tdata-frames='[{\"delay\":10,\"speed\":300,\"frame\":\"0\",\"from\":\"opacity:0;\",\"to\":\"o:1;\",\"ease\":\"Power3.easeInOut\"},{\"delay\":\"wait\",\"speed\":300,\"frame\":\"999\",\"to\":\"opacity:0;\",\"ease\":\"Power3.easeInOut\"}]'\n\t\t\tdata-textAlign=\"['inherit','inherit','inherit','inherit']\"\n\t\t\tdata-paddingtop=\"[0,0,0,0]\"\n\t\t\tdata-paddingright=\"[0,0,0,0]\"\n\t\t\tdata-paddingbottom=\"[0,0,0,0]\"\n\t\t\tdata-paddingleft=\"[0,0,0,0]\"\n\n\t\t\tstyle=\"z-index: 7; white-space: nowrap; font-size: 48px; line-height: 56px; font-weight: 400; color: #006e95; letter-spacing: 0px;font-family:Montserrat;\">Mit unserer Erfahrung und unseren<br> Kompetenzen begleiten wir Sie  <\/div>\n\t<\/li>\n<\/ul>\n<div class=\"tp-bannertimer tp-bottom\" style=\"visibility: hidden !important;\"><\/div>\t<\/div>\n<script>var htmlDiv = document.getElementById(\"rs-plugin-settings-inline-css\"); var htmlDivCss=\"\";\n\t\t\t\tif(htmlDiv) {\n\t\t\t\t\thtmlDiv.innerHTML = htmlDiv.innerHTML + htmlDivCss;\n\t\t\t\t}else{\n\t\t\t\t\tvar htmlDiv = document.createElement(\"div\");\n\t\t\t\t\thtmlDiv.innerHTML = \"<style>\" + htmlDivCss + \"<\/style>\";\n\t\t\t\t\tdocument.getElementsByTagName(\"head\")[0].appendChild(htmlDiv.childNodes[0]);\n\t\t\t\t}\n\t\t\t<\/script>\n\t\t<script type=\"text\/javascript\">\nsetREVStartSize({c: jQuery('#rev_slider_36_1'), responsiveLevels: [1240,1024,778,480], gridwidth: [1280,1024,778,480], gridheight: [800,768,960,720], sliderLayout: 'fullscreen', fullScreenAutoWidth:'off', fullScreenAlignForce:'off', fullScreenOffsetContainer:'#wpadminbar,.header-mobile', fullScreenOffset:''});\n\t\t\t\nvar revapi36,\n\ttpj=jQuery;\n\t\t\t\ntpj(document).ready(function() {\n\tif(tpj(\"#rev_slider_36_1\").revolution == undefined){\n\t\trevslider_showDoubleJqueryError(\"#rev_slider_36_1\");\n\t}else{\n\t\trevapi36 = tpj(\"#rev_slider_36_1\").show().revolution({\n\t\t\tsliderType:\"hero\",\n\t\t\tjsFileLocation:\"\/\/www.redatech.ch\/wp-content\/plugins\/revslider\/public\/assets\/js\/\",\n\t\t\tsliderLayout:\"fullscreen\",\n\t\t\tdottedOverlay:\"none\",\n\t\t\tdelay:9000,\n\t\t\tresponsiveLevels:[1240,1024,778,480],\n\t\t\tvisibilityLevels:[1240,1024,778,480],\n\t\t\tgridwidth:[1280,1024,778,480],\n\t\t\tgridheight:[800,768,960,720],\n\t\t\tlazyType:\"none\",\n\t\t\tparallax: {\n\t\t\t\ttype:\"mouse\",\n\t\t\t\torigo:\"slidercenter\",\n\t\t\t\tspeed:2000,\n\t\t\t\tspeedbg:0,\n\t\t\t\tspeedls:0,\n\t\t\t\tlevels:[2,3,4,5,6,7,12,16,10,50,47,48,49,50,51,55],\n\t\t\t},\n\t\t\tshadow:0,\n\t\t\tspinner:\"spinner3\",\n\t\t\tautoHeight:\"off\",\n\t\t\tfullScreenAutoWidth:\"off\",\n\t\t\tfullScreenAlignForce:\"off\",\n\t\t\tfullScreenOffsetContainer: \"#wpadminbar,.header-mobile\",\n\t\t\tfullScreenOffset: \"\",\n\t\t\tdisableProgressBar:\"on\",\n\t\t\thideThumbsOnMobile:\"off\",\n\t\t\thideSliderAtLimit:0,\n\t\t\thideCaptionAtLimit:0,\n\t\t\thideAllCaptionAtLilmit:0,\n\t\t\tdebugMode:false,\n\t\t\tfallbacks: {\n\t\t\t\tsimplifyAll:\"off\",\n\t\t\t\tdisableFocusListener:false,\n\t\t\t}\n\t\t});\n\t}\n\t\n});\t\/*ready*\/\n<\/script>\n\t\t<script>\n\t\t\t\t\tvar htmlDivCss = '\t#rev_slider_36_1_wrapper .tp-loader.spinner3 div { background-color: #FFFFFF !important; } ';\n\t\t\t\t\tvar htmlDiv = document.getElementById('rs-plugin-settings-inline-css');\n\t\t\t\t\tif(htmlDiv) {\n\t\t\t\t\t\thtmlDiv.innerHTML = htmlDiv.innerHTML + htmlDivCss;\n\t\t\t\t\t}\n\t\t\t\t\telse{\n\t\t\t\t\t\tvar htmlDiv = document.createElement('div');\n\t\t\t\t\t\thtmlDiv.innerHTML = '<style>' + htmlDivCss + '<\/style>';\n\t\t\t\t\t\tdocument.getElementsByTagName('head')[0].appendChild(htmlDiv.childNodes[0]);\n\t\t\t\t\t}\n\t\t\t\t\t<\/script>\n\t\t\t\t\t<\/div><!-- END REVOLUTION SLIDER -->[\/vc_column_text][\/vc_column][\/vc_row][vc_row full_width=&#8220;stretch_row_content_no_spaces&#8220; equal_height=&#8220;yes&#8220; content_placement=&#8220;middle&#8220; css=&#8220;.vc_custom_1521804896985{background-color: rgba(255,255,255,0.89) !important;background-position: center !important;background-repeat: no-repeat !important;background-size: cover !important;*background-color: rgb(255,255,255) !important;}&#8220; el_id=&#8220;audit&#8220;][vc_column width=&#8220;1\/2&#8243; css=&#8220;.vc_custom_1522715751990{background-image: url(https:\/\/www.redatech.ch\/wp-content\/uploads\/2018\/03\/4.jpg?id=7246) !important;background-position: center !important;background-repeat: no-repeat !important;background-size: cover !important;}&#8220; offset=&#8220;vc_hidden-xs&#8220;][g5plus_space desktop=&#8220;900&#8243; tablet=&#8220;640&#8243; tablet_portrait=&#8220;640&#8243; mobile_landscape=&#8220;500&#8243; mobile=&#8220;500&#8243;][\/vc_column][vc_column width=&#8220;1\/2&#8243; css=&#8220;.vc_custom_1521756820506{background-color: #f4f4f4 !important;}&#8220;][vc_row_inner content_placement=&#8220;middle&#8220; el_class=&#8220;max-width-480 lg-mg-left-105 md-pd-left-15 md-pd-right-15 xs-mg-top-40 xs-mg-bottom-60&#8243;][vc_column_inner][vc_single_image image=&#8220;7562&#8243; img_size=&#8220;110&#215;110&#8243; alignment=&#8220;center&#8220;][vc_column_text el_class=&#8220;titre-service block-titles&#8220;]<\/p>\n<h4 style=\"text-align: center;\">Audit<\/h4>\n<p>[\/vc_column_text][vc_separator color=&#8220;custom&#8220; border_width=&#8220;3&#8243; el_width=&#8220;10&#8243; accent_color=&#8220;#e94a65&#8243; css=&#8220;.vc_custom_1518781246721{margin-top: 18px !important;margin-bottom: 18px !important;}&#8220;][vc_column_text el_class=&#8220;color-paragraphe service-paragraphe premier-partie block-titles &#8222;]<\/p>\n<p style=\"text-align: center;\"><strong>Unsere grosse St\u00e4rke: mehr als 30 Jahre Erfahrung im Bereich der technischen Kommunikation <\/strong><\/p>\n<p>Unsere Fachleute k\u00fcmmern sich um die Analyse all Ihrer Daten, Informationen und Prozesse f\u00fcr die entsprechende Bearbeitung Ihrer technischen Dokumentation und die Anwendung pragmatischer und effizienter L\u00f6sungen.<\/p>\n<ul>\n<li>Anh\u00f6rung aller Beteiligten in Verbindung mit der Erstellung und \u00dcbermittlung der technischen Daten<\/li>\n<li>Analyse der aktuellen Prozesse Ihrer Organisation mit den Informationstr\u00e4gern<\/li>\n<li>Ermittlung und Festlegung von pragmatischen und f\u00fcr Ihren Markt zweckm\u00e4ssigen L\u00f6sungen<\/li>\n<li>Auswahl der f\u00fcr Ihren Bedarf und die Bed\u00fcrfnisse Ihrer Kunden bestgeeigneten L\u00f6sung, unter Ber\u00fccksichtigung der betreffenden Normen und Richtlinien<\/li>\n<li>Detaillierter Bericht und Begleitung bei der Umsetzung zur konkreten qualitativen Verbesserung Ihrer technischen Dokumentation<\/li>\n<\/ul>\n<p>[\/vc_column_text][\/vc_column_inner][\/vc_row_inner][\/vc_column][\/vc_row][vc_row full_width=&#8220;stretch_row_content_no_spaces&#8220; content_placement=&#8220;middle&#8220; css=&#8220;.vc_custom_1521801824401{background-color: rgba(255,255,255,0.89) !important;background-position: center !important;background-repeat: no-repeat !important;background-size: cover !important;*background-color: rgb(255,255,255) !important;}&#8220; el_id=&#8220;analyse&#8220;][vc_column width=&#8220;1\/2&#8243;][vc_row_inner content_placement=&#8220;middle&#8220; el_class=&#8220;max-width-480 lg-mg-left-105 md-pd-left-15 md-pd-right-15 xs-mg-top-40 xs-mg-bottom-60&#8243;][vc_column_inner][vc_single_image image=&#8220;7560&#8243; img_size=&#8220;110&#215;110&#8243; alignment=&#8220;center&#8220;][vc_column_text el_class=&#8220;titre-service block-titles&#8220;]<\/p>\n<h4 style=\"text-align: center;\">Risikoanalyse<\/h4>\n<p>[\/vc_column_text][vc_separator color=&#8220;custom&#8220; border_width=&#8220;3&#8243; el_width=&#8220;10&#8243; accent_color=&#8220;#e94a65&#8243; css=&#8220;.vc_custom_1518781246721{margin-top: 18px !important;margin-bottom: 18px !important;}&#8220;][vc_column_text el_class=&#8220;color-paragraphe service-paragraphe premier-partie block-titles &#8222;]Unser Fachmann begleitet die Unternehmen bei der Vorgehensweise zur Risikoanalyse in mehreren Bereichen:<\/p>\n<ul>\n<li>Unterst\u00fctzung und Expertise<\/li>\n<li>Beurteilung der CE-Konformit\u00e4t<\/li>\n<li>CE-Kennzeichnung nach 2006\/42\/EG<\/li>\n<li>Konformit\u00e4tsbescheinigung<\/li>\n<li>Funktionale Sicherheit nach EN ISO 13849<\/li>\n<li>Risikoanalyse<\/li>\n<li>Kennzeichnung nach ATEX 95<\/li>\n<li>Anwendung von ATEX 137<\/li>\n<li>Schulungen<\/li>\n<li>Arbeitssicherheit (ASA)<\/li>\n<li>Verantwortung f\u00fcr TEG (technische Einrichtungen und Ger\u00e4te)<\/li>\n<li>Beurteilung der Konformit\u00e4t von Maschinen f\u00fcr USA\/Kanada<\/li>\n<\/ul>\n<p>[\/vc_column_text][\/vc_column_inner][\/vc_row_inner][\/vc_column][vc_column width=&#8220;1\/2&#8243; css=&#8220;.vc_custom_1522715812825{background-image: url(https:\/\/www.redatech.ch\/wp-content\/uploads\/2018\/03\/9.jpg?id=7251) !important;background-position: center !important;background-repeat: no-repeat !important;background-size: cover !important;}&#8220; offset=&#8220;vc_hidden-xs&#8220;][g5plus_space desktop=&#8220;700&#8243; tablet=&#8220;640&#8243; tablet_portrait=&#8220;640&#8243; mobile_landscape=&#8220;500&#8243; mobile=&#8220;500&#8243;][\/vc_column][\/vc_row]<\/p>\n","protected":false},"excerpt":{"rendered":"<p>[vc_row full_width=&#8220;stretch_row_content_no_spaces&#8220; css=&#8220;.vc_custom_1511883728540{background-color: #f1f1f1 !important;}&#8220;][vc_column css=&#8220;.vc_custom_1511883697235{background-color: #f1f1f1 !important;background-position: center !important;background-repeat: no-repeat !important;background-size: cover !important;}&#8220;][vc_column_text][\/vc_column_text][\/vc_column][\/vc_row][vc_row full_width=&#8220;stretch_row_content_no_spaces&#8220; equal_height=&#8220;yes&#8220; content_placement=&#8220;middle&#8220; css=&#8220;.vc_custom_1521804896985{background-color: rgba(255,255,255,0.89) !important;background-position: center !important;background-repeat: no-repeat !important;background-size: cover !important;*background-color: rgb(255,255,255) !important;}&#8220; el_id=&#8220;audit&#8220;][vc_column width=&#8220;1\/2&#8243; css=&#8220;.vc_custom_1522715751990{background-image: url(https:\/\/www.redatech.ch\/wp-content\/uploads\/2018\/03\/4.jpg?id=7246) !important;background-position: center !important;background-repeat: no-repeat !important;background-size: cover !important;}&#8220; offset=&#8220;vc_hidden-xs&#8220;][g5plus_space desktop=&#8220;900&#8243; tablet=&#8220;640&#8243; tablet_portrait=&#8220;640&#8243; mobile_landscape=&#8220;500&#8243; mobile=&#8220;500&#8243;][\/vc_column][vc_column width=&#8220;1\/2&#8243; css=&#8220;.vc_custom_1521756820506{background-color: #f4f4f4 !important;}&#8220;][vc_row_inner content_placement=&#8220;middle&#8220; el_class=&#8220;max-width-480 lg-mg-left-105 md-pd-left-15 md-pd-right-15 xs-mg-top-40 [&hellip;]<\/p>\n","protected":false},"author":5,"featured_media":0,"parent":0,"menu_order":0,"comment_status":"closed","ping_status":"closed","template":"","meta":[],"yoast_head":"<!-- This site is optimized with the Yoast SEO plugin v19.10 - https:\/\/yoast.com\/wordpress\/plugins\/seo\/ -->\n<title>Beratung &amp; Betreuung - R\u00e9daTech<\/title>\n<meta name=\"robots\" content=\"index, follow, max-snippet:-1, max-image-preview:large, max-video-preview:-1\" \/>\n<link rel=\"canonical\" href=\"https:\/\/www.redatech.ch\/de\/beratung-betreuung\/\" \/>\n<meta property=\"og:locale\" content=\"de_DE\" \/>\n<meta property=\"og:type\" content=\"article\" \/>\n<meta property=\"og:title\" content=\"Beratung &amp; Betreuung - R\u00e9daTech\" \/>\n<meta property=\"og:description\" content=\"[vc_row full_width=&#8220;stretch_row_content_no_spaces&#8220; css=&#8220;.vc_custom_1511883728540{background-color: #f1f1f1 !important;}&#8220;][vc_column css=&#8220;.vc_custom_1511883697235{background-color: #f1f1f1 !important;background-position: center !important;background-repeat: no-repeat !important;background-size: cover !important;}&#8220;][vc_column_text][\/vc_column_text][\/vc_column][\/vc_row][vc_row full_width=&#8220;stretch_row_content_no_spaces&#8220; equal_height=&#8220;yes&#8220; content_placement=&#8220;middle&#8220; css=&#8220;.vc_custom_1521804896985{background-color: rgba(255,255,255,0.89) !important;background-position: center !important;background-repeat: no-repeat !important;background-size: cover !important;*background-color: rgb(255,255,255) !important;}&#8220; el_id=&#8220;audit&#8220;][vc_column width=&#8220;1\/2&#8243; css=&#8220;.vc_custom_1522715751990{background-image: url(https:\/\/www.redatech.ch\/wp-content\/uploads\/2018\/03\/4.jpg?id=7246) !important;background-position: center !important;background-repeat: no-repeat !important;background-size: cover !important;}&#8220; offset=&#8220;vc_hidden-xs&#8220;][g5plus_space desktop=&#8220;900&#8243; tablet=&#8220;640&#8243; tablet_portrait=&#8220;640&#8243; mobile_landscape=&#8220;500&#8243; mobile=&#8220;500&#8243;][\/vc_column][vc_column width=&#8220;1\/2&#8243; css=&#8220;.vc_custom_1521756820506{background-color: #f4f4f4 !important;}&#8220;][vc_row_inner content_placement=&#8220;middle&#8220; el_class=&#8220;max-width-480 lg-mg-left-105 md-pd-left-15 md-pd-right-15 xs-mg-top-40 [&hellip;]\" \/>\n<meta property=\"og:url\" content=\"https:\/\/www.redatech.ch\/de\/beratung-betreuung\/\" \/>\n<meta property=\"og:site_name\" content=\"R\u00e9daTech\" \/>\n<meta property=\"article:modified_time\" content=\"2020-08-17T07:57:53+00:00\" \/>\n<meta name=\"twitter:card\" content=\"summary_large_image\" \/>\n<meta name=\"twitter:label1\" content=\"Gesch\u00e4tzte Lesezeit\" \/>\n\t<meta name=\"twitter:data1\" content=\"3 Minuten\" \/>\n<script type=\"application\/ld+json\" class=\"yoast-schema-graph\">{\"@context\":\"https:\/\/schema.org\",\"@graph\":[{\"@type\":\"WebPage\",\"@id\":\"https:\/\/www.redatech.ch\/de\/beratung-betreuung\/\",\"url\":\"https:\/\/www.redatech.ch\/de\/beratung-betreuung\/\",\"name\":\"Beratung & Betreuung - R\u00e9daTech\",\"isPartOf\":{\"@id\":\"https:\/\/www.redatech.ch\/#website\"},\"datePublished\":\"2018-06-20T13:42:28+00:00\",\"dateModified\":\"2020-08-17T07:57:53+00:00\",\"breadcrumb\":{\"@id\":\"https:\/\/www.redatech.ch\/de\/beratung-betreuung\/#breadcrumb\"},\"inLanguage\":\"de-DE\",\"potentialAction\":[{\"@type\":\"ReadAction\",\"target\":[\"https:\/\/www.redatech.ch\/de\/beratung-betreuung\/\"]}]},{\"@type\":\"BreadcrumbList\",\"@id\":\"https:\/\/www.redatech.ch\/de\/beratung-betreuung\/#breadcrumb\",\"itemListElement\":[{\"@type\":\"ListItem\",\"position\":1,\"name\":\"Accueil\",\"item\":\"https:\/\/www.redatech.ch\/de\/\"},{\"@type\":\"ListItem\",\"position\":2,\"name\":\"Beratung &#038; Betreuung\"}]},{\"@type\":\"WebSite\",\"@id\":\"https:\/\/www.redatech.ch\/#website\",\"url\":\"https:\/\/www.redatech.ch\/\",\"name\":\"R\u00e9daTech\",\"description\":\"\",\"publisher\":{\"@id\":\"https:\/\/www.redatech.ch\/#organization\"},\"potentialAction\":[{\"@type\":\"SearchAction\",\"target\":{\"@type\":\"EntryPoint\",\"urlTemplate\":\"https:\/\/www.redatech.ch\/?s={search_term_string}\"},\"query-input\":\"required name=search_term_string\"}],\"inLanguage\":\"de-DE\"},{\"@type\":\"Organization\",\"@id\":\"https:\/\/www.redatech.ch\/#organization\",\"name\":\"R\u00e9daTech SA\",\"url\":\"https:\/\/www.redatech.ch\/\",\"logo\":{\"@type\":\"ImageObject\",\"inLanguage\":\"de-DE\",\"@id\":\"https:\/\/www.redatech.ch\/#\/schema\/logo\/image\/\",\"url\":\"https:\/\/www.redatech.ch\/wp-content\/uploads\/2017\/11\/Logo_Redatech.png\",\"contentUrl\":\"https:\/\/www.redatech.ch\/wp-content\/uploads\/2017\/11\/Logo_Redatech.png\",\"width\":127,\"height\":100,\"caption\":\"R\u00e9daTech SA\"},\"image\":{\"@id\":\"https:\/\/www.redatech.ch\/#\/schema\/logo\/image\/\"},\"sameAs\":[\"https:\/\/www.linkedin.com\/company\/1337878\/\"]}]}<\/script>\n<!-- \/ Yoast SEO plugin. -->","yoast_head_json":{"title":"Beratung & Betreuung - R\u00e9daTech","robots":{"index":"index","follow":"follow","max-snippet":"max-snippet:-1","max-image-preview":"max-image-preview:large","max-video-preview":"max-video-preview:-1"},"canonical":"https:\/\/www.redatech.ch\/de\/beratung-betreuung\/","og_locale":"de_DE","og_type":"article","og_title":"Beratung & Betreuung - R\u00e9daTech","og_description":"[vc_row full_width=&#8220;stretch_row_content_no_spaces&#8220; css=&#8220;.vc_custom_1511883728540{background-color: #f1f1f1 !important;}&#8220;][vc_column css=&#8220;.vc_custom_1511883697235{background-color: #f1f1f1 !important;background-position: center !important;background-repeat: no-repeat !important;background-size: cover !important;}&#8220;][vc_column_text][\/vc_column_text][\/vc_column][\/vc_row][vc_row full_width=&#8220;stretch_row_content_no_spaces&#8220; equal_height=&#8220;yes&#8220; content_placement=&#8220;middle&#8220; css=&#8220;.vc_custom_1521804896985{background-color: rgba(255,255,255,0.89) !important;background-position: center !important;background-repeat: no-repeat !important;background-size: cover !important;*background-color: rgb(255,255,255) !important;}&#8220; el_id=&#8220;audit&#8220;][vc_column width=&#8220;1\/2&#8243; css=&#8220;.vc_custom_1522715751990{background-image: url(https:\/\/www.redatech.ch\/wp-content\/uploads\/2018\/03\/4.jpg?id=7246) !important;background-position: center !important;background-repeat: no-repeat !important;background-size: cover !important;}&#8220; offset=&#8220;vc_hidden-xs&#8220;][g5plus_space desktop=&#8220;900&#8243; tablet=&#8220;640&#8243; tablet_portrait=&#8220;640&#8243; mobile_landscape=&#8220;500&#8243; mobile=&#8220;500&#8243;][\/vc_column][vc_column width=&#8220;1\/2&#8243; css=&#8220;.vc_custom_1521756820506{background-color: #f4f4f4 !important;}&#8220;][vc_row_inner content_placement=&#8220;middle&#8220; el_class=&#8220;max-width-480 lg-mg-left-105 md-pd-left-15 md-pd-right-15 xs-mg-top-40 [&hellip;]","og_url":"https:\/\/www.redatech.ch\/de\/beratung-betreuung\/","og_site_name":"R\u00e9daTech","article_modified_time":"2020-08-17T07:57:53+00:00","twitter_card":"summary_large_image","twitter_misc":{"Gesch\u00e4tzte Lesezeit":"3 Minuten"},"schema":{"@context":"https:\/\/schema.org","@graph":[{"@type":"WebPage","@id":"https:\/\/www.redatech.ch\/de\/beratung-betreuung\/","url":"https:\/\/www.redatech.ch\/de\/beratung-betreuung\/","name":"Beratung & Betreuung - R\u00e9daTech","isPartOf":{"@id":"https:\/\/www.redatech.ch\/#website"},"datePublished":"2018-06-20T13:42:28+00:00","dateModified":"2020-08-17T07:57:53+00:00","breadcrumb":{"@id":"https:\/\/www.redatech.ch\/de\/beratung-betreuung\/#breadcrumb"},"inLanguage":"de-DE","potentialAction":[{"@type":"ReadAction","target":["https:\/\/www.redatech.ch\/de\/beratung-betreuung\/"]}]},{"@type":"BreadcrumbList","@id":"https:\/\/www.redatech.ch\/de\/beratung-betreuung\/#breadcrumb","itemListElement":[{"@type":"ListItem","position":1,"name":"Accueil","item":"https:\/\/www.redatech.ch\/de\/"},{"@type":"ListItem","position":2,"name":"Beratung &#038; Betreuung"}]},{"@type":"WebSite","@id":"https:\/\/www.redatech.ch\/#website","url":"https:\/\/www.redatech.ch\/","name":"R\u00e9daTech","description":"","publisher":{"@id":"https:\/\/www.redatech.ch\/#organization"},"potentialAction":[{"@type":"SearchAction","target":{"@type":"EntryPoint","urlTemplate":"https:\/\/www.redatech.ch\/?s={search_term_string}"},"query-input":"required name=search_term_string"}],"inLanguage":"de-DE"},{"@type":"Organization","@id":"https:\/\/www.redatech.ch\/#organization","name":"R\u00e9daTech SA","url":"https:\/\/www.redatech.ch\/","logo":{"@type":"ImageObject","inLanguage":"de-DE","@id":"https:\/\/www.redatech.ch\/#\/schema\/logo\/image\/","url":"https:\/\/www.redatech.ch\/wp-content\/uploads\/2017\/11\/Logo_Redatech.png","contentUrl":"https:\/\/www.redatech.ch\/wp-content\/uploads\/2017\/11\/Logo_Redatech.png","width":127,"height":100,"caption":"R\u00e9daTech SA"},"image":{"@id":"https:\/\/www.redatech.ch\/#\/schema\/logo\/image\/"},"sameAs":["https:\/\/www.linkedin.com\/company\/1337878\/"]}]}},"_links":{"self":[{"href":"https:\/\/www.redatech.ch\/de\/wp-json\/wp\/v2\/pages\/8121"}],"collection":[{"href":"https:\/\/www.redatech.ch\/de\/wp-json\/wp\/v2\/pages"}],"about":[{"href":"https:\/\/www.redatech.ch\/de\/wp-json\/wp\/v2\/types\/page"}],"author":[{"embeddable":true,"href":"https:\/\/www.redatech.ch\/de\/wp-json\/wp\/v2\/users\/5"}],"replies":[{"embeddable":true,"href":"https:\/\/www.redatech.ch\/de\/wp-json\/wp\/v2\/comments?post=8121"}],"version-history":[{"count":8,"href":"https:\/\/www.redatech.ch\/de\/wp-json\/wp\/v2\/pages\/8121\/revisions"}],"predecessor-version":[{"id":8850,"href":"https:\/\/www.redatech.ch\/de\/wp-json\/wp\/v2\/pages\/8121\/revisions\/8850"}],"wp:attachment":[{"href":"https:\/\/www.redatech.ch\/de\/wp-json\/wp\/v2\/media?parent=8121"}],"curies":[{"name":"wp","href":"https:\/\/api.w.org\/{rel}","templated":true}]}}