{"id":8097,"date":"2018-06-20T15:34:00","date_gmt":"2018-06-20T13:34:00","guid":{"rendered":"https:\/\/www.redatech.ch\/services\/"},"modified":"2021-01-29T10:41:37","modified_gmt":"2021-01-29T09:41:37","slug":"services","status":"publish","type":"page","link":"https:\/\/www.redatech.ch\/de\/services\/","title":{"rendered":"Dienstleistungen"},"content":{"rendered":"<p>[vc_row full_width=&#8220;stretch_row_content_no_spaces&#8220; css=&#8220;.vc_custom_1511883728540{background-color: #f1f1f1 !important;}&#8220;][vc_column css=&#8220;.vc_custom_1511883697235{background-color: #f1f1f1 !important;background-position: center !important;background-repeat: no-repeat !important;background-size: cover !important;}&#8220;][vc_column_text]<link href=\"https:\/\/fonts.googleapis.com\/css?family=Montserrat:400\" rel=\"stylesheet\" property=\"stylesheet\" type=\"text\/css\" media=\"all\">\n<div id=\"rev_slider_34_1_wrapper\" class=\"rev_slider_wrapper fullscreen-container\" data-source=\"gallery\" style=\"background:transparent;padding:0px;\">\n<!-- START REVOLUTION SLIDER 5.4.5 fullscreen mode -->\n\t<div id=\"rev_slider_34_1\" class=\"rev_slider fullscreenbanner\" style=\"display:none;\" data-version=\"5.4.5\">\n<ul>\t<!-- SLIDE  -->\n\t<li data-index=\"rs-81\" data-transition=\"notransition\" data-slotamount=\"default\" data-hideafterloop=\"0\" data-hideslideonmobile=\"off\"  data-easein=\"default\" data-easeout=\"default\" data-masterspeed=\"default\"  data-thumb=\"https:\/\/www.redatech.ch\/wp-content\/uploads\/2018\/02\/shutterstock_350999087-header-100x50.jpg\"  data-rotate=\"0\"  data-saveperformance=\"off\"  data-title=\"Slide\" data-param1=\"\" data-param2=\"\" data-param3=\"\" data-param4=\"\" data-param5=\"\" data-param6=\"\" data-param7=\"\" data-param8=\"\" data-param9=\"\" data-param10=\"\" data-description=\"\">\n\t\t<!-- MAIN IMAGE -->\n\t\t<img src=\"https:\/\/www.redatech.ch\/wp-content\/plugins\/revslider\/admin\/assets\/images\/dummy.png\"  alt=\"\" title=\"shutterstock_350999087-header\"  width=\"1800\" height=\"1200\" data-lazyload=\"https:\/\/www.redatech.ch\/wp-content\/uploads\/2018\/02\/shutterstock_350999087-header.jpg\" data-bgposition=\"center center\" data-bgfit=\"cover\" data-bgrepeat=\"no-repeat\" class=\"rev-slidebg\" data-no-retina>\n\t\t<!-- LAYERS -->\n\n\t\t<!-- LAYER NR. 1 -->\n\t\t<div class=\"tp-caption   tp-resizeme  classpad\" \n\t\t\t id=\"slide-81-layer-22\" \n\t\t\t data-x=\"['left','left','center','center']\" data-hoffset=\"['11','-65','0','0']\" \n\t\t\t data-y=\"['bottom','bottom','middle','middle']\" data-voffset=\"['105','271','267','0']\" \n\t\t\t\t\t\tdata-fontsize=\"['48','48','47','29']\"\n\t\t\tdata-width=\"none\"\n\t\t\tdata-height=\"none\"\n\t\t\tdata-whitespace=\"nowrap\"\n\t\t\tdata-visibility=\"['on','on','on','off']\"\n \n\t\t\tdata-type=\"text\" \n\t\t\tdata-responsive_offset=\"on\" \n\n\t\t\tdata-frames='[{\"delay\":0,\"speed\":300,\"frame\":\"0\",\"from\":\"opacity:0;\",\"to\":\"o:1;\",\"ease\":\"Power3.easeInOut\"},{\"delay\":\"wait\",\"speed\":300,\"frame\":\"999\",\"to\":\"opacity:0;\",\"ease\":\"Power3.easeInOut\"}]'\n\t\t\tdata-textAlign=\"['inherit','inherit','inherit','inherit']\"\n\t\t\tdata-paddingtop=\"[0,0,0,0]\"\n\t\t\tdata-paddingright=\"[0,0,0,0]\"\n\t\t\tdata-paddingbottom=\"[0,0,0,0]\"\n\t\t\tdata-paddingleft=\"[0,0,0,0]\"\n\n\t\t\tstyle=\"z-index: 5; white-space: nowrap; font-size: 48px; line-height: 56px; font-weight: 400; color: #006e95; letter-spacing: 0px;font-family:Montserrat;\">Mit unseren Ressourcen <br>unterst\u00fctzen wir Sie <\/div>\n\n\t\t<!-- LAYER NR. 2 -->\n\t\t<div class=\"tp-caption   tp-resizeme  classpad\" \n\t\t\t id=\"slide-81-layer-24\" \n\t\t\t data-x=\"['left','left','center','center']\" data-hoffset=\"['12','-65','0','4']\" \n\t\t\t data-y=\"['bottom','bottom','middle','middle']\" data-voffset=\"['24','271','267','121']\" \n\t\t\t\t\t\tdata-fontsize=\"['48','48','47','29']\"\n\t\t\tdata-width=\"none\"\n\t\t\tdata-height=\"none\"\n\t\t\tdata-whitespace=\"nowrap\"\n\t\t\tdata-visibility=\"['off','off','off','on']\"\n \n\t\t\tdata-type=\"text\" \n\t\t\tdata-responsive_offset=\"on\" \n\n\t\t\tdata-frames='[{\"delay\":0,\"speed\":300,\"frame\":\"0\",\"from\":\"opacity:0;\",\"to\":\"o:1;\",\"ease\":\"Power3.easeInOut\"},{\"delay\":\"wait\",\"speed\":300,\"frame\":\"999\",\"to\":\"opacity:0;\",\"ease\":\"Power3.easeInOut\"}]'\n\t\t\tdata-textAlign=\"['inherit','inherit','inherit','inherit']\"\n\t\t\tdata-paddingtop=\"[0,0,0,0]\"\n\t\t\tdata-paddingright=\"[0,0,0,0]\"\n\t\t\tdata-paddingbottom=\"[0,0,0,0]\"\n\t\t\tdata-paddingleft=\"[0,0,0,0]\"\n\n\t\t\tstyle=\"z-index: 6; white-space: nowrap; font-size: 48px; line-height: 56px; font-weight: 400; color: #006e95; letter-spacing: 0px;font-family:Montserrat;\">Mit unseren Ressourcen <br> unterst\u00fctzen wir Sie <\/div>\n\t<\/li>\n<\/ul>\n<div class=\"tp-bannertimer tp-bottom\" style=\"visibility: hidden !important;\"><\/div>\t<\/div>\n<script>var htmlDiv = document.getElementById(\"rs-plugin-settings-inline-css\"); var htmlDivCss=\"\";\n\t\t\t\tif(htmlDiv) {\n\t\t\t\t\thtmlDiv.innerHTML = htmlDiv.innerHTML + htmlDivCss;\n\t\t\t\t}else{\n\t\t\t\t\tvar htmlDiv = document.createElement(\"div\");\n\t\t\t\t\thtmlDiv.innerHTML = \"<style>\" + htmlDivCss + \"<\/style>\";\n\t\t\t\t\tdocument.getElementsByTagName(\"head\")[0].appendChild(htmlDiv.childNodes[0]);\n\t\t\t\t}\n\t\t\t<\/script>\n\t\t<script type=\"text\/javascript\">\nsetREVStartSize({c: jQuery('#rev_slider_34_1'), responsiveLevels: [1240,1024,778,480], gridwidth: [1400,1025,778,480], gridheight: [868,768,960,720], sliderLayout: 'fullscreen', fullScreenAutoWidth:'off', fullScreenAlignForce:'off', fullScreenOffsetContainer:'#wpadminbar,.header-mobile', fullScreenOffset:''});\n\t\t\t\nvar revapi34,\n\ttpj=jQuery;\n\t\t\t\ntpj(document).ready(function() {\n\tif(tpj(\"#rev_slider_34_1\").revolution == undefined){\n\t\trevslider_showDoubleJqueryError(\"#rev_slider_34_1\");\n\t}else{\n\t\trevapi34 = tpj(\"#rev_slider_34_1\").show().revolution({\n\t\t\tsliderType:\"hero\",\n\t\t\tjsFileLocation:\"\/\/www.redatech.ch\/wp-content\/plugins\/revslider\/public\/assets\/js\/\",\n\t\t\tsliderLayout:\"fullscreen\",\n\t\t\tdottedOverlay:\"none\",\n\t\t\tdelay:9000,\n\t\t\tresponsiveLevels:[1240,1024,778,480],\n\t\t\tvisibilityLevels:[1240,1024,778,480],\n\t\t\tgridwidth:[1400,1025,778,480],\n\t\t\tgridheight:[868,768,960,720],\n\t\t\tlazyType:\"smart\",\n\t\t\tshadow:0,\n\t\t\tspinner:\"spinner3\",\n\t\t\tautoHeight:\"off\",\n\t\t\tfullScreenAutoWidth:\"off\",\n\t\t\tfullScreenAlignForce:\"off\",\n\t\t\tfullScreenOffsetContainer: \"#wpadminbar,.header-mobile\",\n\t\t\tfullScreenOffset: \"\",\n\t\t\tdisableProgressBar:\"on\",\n\t\t\thideThumbsOnMobile:\"off\",\n\t\t\thideSliderAtLimit:0,\n\t\t\thideCaptionAtLimit:0,\n\t\t\thideAllCaptionAtLilmit:0,\n\t\t\tdebugMode:false,\n\t\t\tfallbacks: {\n\t\t\t\tsimplifyAll:\"off\",\n\t\t\t\tdisableFocusListener:false,\n\t\t\t}\n\t\t});\n\t}\n\t\n});\t\/*ready*\/\n<\/script>\n\t\t<script>\n\t\t\t\t\tvar htmlDivCss = '\t#rev_slider_34_1_wrapper .tp-loader.spinner3 div { background-color: #FFFFFF !important; } ';\n\t\t\t\t\tvar htmlDiv = document.getElementById('rs-plugin-settings-inline-css');\n\t\t\t\t\tif(htmlDiv) {\n\t\t\t\t\t\thtmlDiv.innerHTML = htmlDiv.innerHTML + htmlDivCss;\n\t\t\t\t\t}\n\t\t\t\t\telse{\n\t\t\t\t\t\tvar htmlDiv = document.createElement('div');\n\t\t\t\t\t\thtmlDiv.innerHTML = '<style>' + htmlDivCss + '<\/style>';\n\t\t\t\t\t\tdocument.getElementsByTagName('head')[0].appendChild(htmlDiv.childNodes[0]);\n\t\t\t\t\t}\n\t\t\t\t\t<\/script>\n\t\t\t\t\t<\/div><!-- END REVOLUTION SLIDER -->[\/vc_column_text][\/vc_column][\/vc_row][vc_row full_width=&#8220;stretch_row_content_no_spaces&#8220; equal_height=&#8220;yes&#8220; content_placement=&#8220;middle&#8220; css=&#8220;.vc_custom_1521802523591{background-position: center !important;background-repeat: no-repeat !important;background-size: cover !important;}&#8220; el_id=&#8220;miseenplans&#8220;][vc_column parallax=&#8220;content-moving&#8220; width=&#8220;1\/2&#8243; css=&#8220;.vc_custom_1522337640635{background-image: url(https:\/\/www.redatech.ch\/wp-content\/uploads\/2018\/03\/11.jpg?id=7253) !important;background-position: center !important;background-repeat: no-repeat !important;background-size: cover !important;}&#8220; el_class=&#8220;banneronmobile&#8220; offset=&#8220;vc_hidden-xs&#8220;][g5plus_space desktop=&#8220;800&#8243; tablet=&#8220;640&#8243; tablet_portrait=&#8220;640&#8243; mobile_landscape=&#8220;500&#8243; mobile=&#8220;500&#8243;][\/vc_column][vc_column width=&#8220;1\/2&#8243; css=&#8220;.vc_custom_1521756643564{background-color: #f4f4f4 !important;background-position: center !important;background-repeat: no-repeat !important;background-size: cover !important;}&#8220;][vc_row_inner content_placement=&#8220;middle&#8220; el_class=&#8220;max-width-480 lg-mg-left-105 md-pd-left-15 md-pd-right-15 xs-mg-top-40 xs-mg-bottom-60&#8243;][vc_column_inner][g5plus_space desktop=&#8220;90&#8243; tablet=&#8220;70&#8243; tablet_portrait=&#8220;60&#8243; mobile_landscape=&#8220;50&#8243; mobile=&#8220;40&#8243;][vc_single_image image=&#8220;7538&#8243; img_size=&#8220;110&#215;110&#8243; alignment=&#8220;center&#8220;][vc_column_text el_class=&#8220; block-titles&#8220;]<\/p>\n<h4 style=\"text-align: center;\">Erstellung und Verwaltung von Dokumenten<\/h4>\n<p>[\/vc_column_text][vc_separator color=&#8220;custom&#8220; border_width=&#8220;3&#8243; el_width=&#8220;10&#8243; css=&#8220;.vc_custom_1519316363545{margin-top: 18px !important;margin-bottom: 18px !important;background-color: #e94a65 !important;}&#8220; accent_color=&#8220;#e94a65&#8243;][vc_column_text el_class=&#8220;color-paragraphe service-paragraphe&#8220;]<\/p>\n<p style=\"text-align: center;\"><strong>Content-Management-System und strukturierte Dokumentationen<\/strong><\/p>\n<p style=\"text-align: center;\"><strong>\u00a0<\/strong><\/p>\n<p>Wir erstellen nicht einfach nur Ihre technischen Dokumentationen, sondern vielmehr Dokumentationsprojekte mit Hilfe von Content-Management-Tools.<\/p>\n<p>Wir bauen intelligenten Inhalt auf, der strukturiert und gekennzeichnet ist. So k\u00f6nnen individuelle Dokumentationen gestaltet werden \u2013 je nach Produkttyp, Optionsvarianten und Sprachen, in denen sie ver\u00f6ffentlicht werden sollen.<\/p>\n<p>Unter Ber\u00fccksichtigung der Informationsgemeinschaften, der Kategorie und der Besonderheiten all Ihrer Produkte sorgen wir f\u00fcr die Erstellung passender Dokumente f\u00fcr Ihre Produkte, um Ihren Kunden \/ Benutzern ein einzigartiges Erlebnis beim Zugriff auf die richtigen<\/p>\n<p>&nbsp;[\/vc_column_text][\/vc_column_inner][\/vc_row_inner][\/vc_column][\/vc_row][vc_row][vc_column][vc_column_text]<\/p>\n<p>[\/vc_column_text][\/vc_column][\/vc_row][vc_row full_width=&#8220;stretch_row_content_no_spaces&#8220; equal_height=&#8220;yes&#8220; content_placement=&#8220;middle&#8220; css=&#8220;.vc_custom_1521802591329{background-position: center !important;background-repeat: no-repeat !important;background-size: cover !important;}&#8220; el_id=&#8220;assurancequalite&#8220;][vc_column parallax=&#8220;content-moving&#8220; width=&#8220;1\/2&#8243; css=&#8220;.vc_custom_1512259808749{background-position: center !important;background-repeat: no-repeat !important;background-size: cover !important;}&#8220;][g5plus_space][vc_row_inner content_placement=&#8220;middle&#8220; el_class=&#8220;max-width-480 lg-mg-left-105 md-pd-left-15 md-pd-right-15 xs-mg-top-40 xs-mg-bottom-60&#8243;][vc_column_inner][vc_single_image image=&#8220;8905&#8243; img_size=&#8220;110&#215;110&#8243; alignment=&#8220;center&#8220;][vc_column_text el_class=&#8220; block-titles&#8220;]<\/p>\n<h4 style=\"text-align: center;\">Videotutorials und Animationen<\/h4>\n<p>[\/vc_column_text][vc_separator color=&#8220;custom&#8220; border_width=&#8220;3&#8243; el_width=&#8220;10&#8243; css=&#8220;.vc_custom_1519316314188{margin-top: 18px !important;margin-bottom: 18px !important;background-color: #e94a65 !important;}&#8220; accent_color=&#8220;#e94a65&#8243;][vc_column_text el_class=&#8220;color-paragraphe service-paragraphe&#8220;]Nichts ist besser geeignet als eine Animation oder ein Videotutorial, um einen Prozess oder ein Funktionsprinzip leichter zu verstehen.<\/p>\n<p>Unser Designerteam entwickelt alle Formen von visuellen Medien, um ein schnelles und nachhaltiges Verst\u00e4ndnis von beliebigen technischen Vorg\u00e4ngen zu gew\u00e4hrleisten.[\/vc_column_text][\/vc_column_inner][\/vc_row_inner][\/vc_column][vc_column video_bg=&#8220;yes&#8220; video_bg_url=&#8220;https:\/\/www.youtube.com\/watch?v=nLW2a4I_Nbw&#8220; width=&#8220;1\/2&#8243; css=&#8220;.vc_custom_1611912321264{background-position: center !important;background-repeat: no-repeat !important;background-size: cover !important;}&#8220; offset=&#8220;vc_hidden-xs&#8220;][\/vc_column][\/vc_row][vc_row full_width=&#8220;stretch_row_content_no_spaces&#8220; equal_height=&#8220;yes&#8220; content_placement=&#8220;middle&#8220; css=&#8220;.vc_custom_1521802523591{background-position: center !important;background-repeat: no-repeat !important;background-size: cover !important;}&#8220;][vc_column parallax=&#8220;content-moving&#8220; width=&#8220;1\/2&#8243; css=&#8220;.vc_custom_1611912822111{background-position: center !important;background-repeat: no-repeat !important;background-size: cover !important;}&#8220; el_class=&#8220;banneronmobile&#8220; offset=&#8220;vc_hidden-xs&#8220;][vc_single_image image=&#8220;8933&#8243; img_size=&#8220;full&#8220;][\/vc_column][vc_column width=&#8220;1\/2&#8243; css=&#8220;.vc_custom_1521756643564{background-color: #f4f4f4 !important;background-position: center !important;background-repeat: no-repeat !important;background-size: cover !important;}&#8220;][vc_row_inner content_placement=&#8220;middle&#8220; el_class=&#8220;max-width-480 lg-mg-left-105 md-pd-left-15 md-pd-right-15 xs-mg-top-40 xs-mg-bottom-60&#8243;][vc_column_inner][vc_single_image image=&#8220;8904&#8243; img_size=&#8220;110&#215;110&#8243; alignment=&#8220;center&#8220;][vc_column_text el_class=&#8220; block-titles&#8220;]<\/p>\n<h4 style=\"text-align: center;\">Partnerschaft mit Quanos &#8211; Schema ST4<\/h4>\n<p>[\/vc_column_text][vc_separator color=&#8220;custom&#8220; border_width=&#8220;3&#8243; el_width=&#8220;10&#8243; css=&#8220;.vc_custom_1519316363545{margin-top: 18px !important;margin-bottom: 18px !important;background-color: #e94a65 !important;}&#8220; accent_color=&#8220;#e94a65&#8243;][vc_column_text el_class=&#8220;color-paragraphe service-paragraphe&#8220;]Als Spezialisten f\u00fcr technische Dokumentation ist es f\u00fcr uns selbstverst\u00e4ndlich, dass wir mit den besten Tools arbeiten, um unseren Kunden hochwertige Leistungen zu bieten. Seit mehreren Jahren verwenden wir Schema ST4 f\u00fcr die Erstellung und Verwaltung eines immer gr\u00f6sseren Teils der Dokumentation unserer Kunden.<\/p>\n<p>Seit Anfang 2021 ist R\u00e9daTech Partner von Quanos (Entwickler von Schema ST4) f\u00fcr n\u00fctzliche Serviceleistungen rund um Schema ST4 und offizieller H\u00e4ndler f\u00fcr diese Softwarel\u00f6sung in der Westschweiz.<\/p>\n<p>Wir beraten und begleiten Sie bei s\u00e4mtlichen Aufgaben in den Bereichen Erstellung, \u00dcbersetzung und Verbreitung intelligenter technischer Informationen.[\/vc_column_text][\/vc_column_inner][\/vc_row_inner][\/vc_column][\/vc_row][vc_row][vc_column css=&#8220;.vc_custom_1511649240326{background-color: #ffffff !important;}&#8220;][vc_separator color=&#8220;custom&#8220; el_width=&#8220;90&#8243; accent_color=&#8220;#cb9ca1&#8243; css=&#8220;.vc_custom_1511951591358{margin-top: 42px !important;margin-bottom: 42px !important;}&#8220;][\/vc_column][\/vc_row]<\/p>\n","protected":false},"excerpt":{"rendered":"<p>[vc_row full_width=&#8220;stretch_row_content_no_spaces&#8220; css=&#8220;.vc_custom_1511883728540{background-color: #f1f1f1 !important;}&#8220;][vc_column css=&#8220;.vc_custom_1511883697235{background-color: #f1f1f1 !important;background-position: center !important;background-repeat: no-repeat !important;background-size: cover !important;}&#8220;][vc_column_text][\/vc_column_text][\/vc_column][\/vc_row][vc_row full_width=&#8220;stretch_row_content_no_spaces&#8220; equal_height=&#8220;yes&#8220; content_placement=&#8220;middle&#8220; css=&#8220;.vc_custom_1521802523591{background-position: center !important;background-repeat: no-repeat !important;background-size: cover !important;}&#8220; el_id=&#8220;miseenplans&#8220;][vc_column parallax=&#8220;content-moving&#8220; width=&#8220;1\/2&#8243; css=&#8220;.vc_custom_1522337640635{background-image: url(https:\/\/www.redatech.ch\/wp-content\/uploads\/2018\/03\/11.jpg?id=7253) !important;background-position: center !important;background-repeat: no-repeat !important;background-size: cover !important;}&#8220; el_class=&#8220;banneronmobile&#8220; offset=&#8220;vc_hidden-xs&#8220;][g5plus_space desktop=&#8220;800&#8243; tablet=&#8220;640&#8243; tablet_portrait=&#8220;640&#8243; mobile_landscape=&#8220;500&#8243; mobile=&#8220;500&#8243;][\/vc_column][vc_column width=&#8220;1\/2&#8243; css=&#8220;.vc_custom_1521756643564{background-color: #f4f4f4 !important;background-position: center !important;background-repeat: no-repeat !important;background-size: cover !important;}&#8220;][vc_row_inner content_placement=&#8220;middle&#8220; el_class=&#8220;max-width-480 [&hellip;]<\/p>\n","protected":false},"author":5,"featured_media":0,"parent":0,"menu_order":0,"comment_status":"closed","ping_status":"closed","template":"","meta":[],"yoast_head":"<!-- This site is optimized with the Yoast SEO plugin v19.10 - https:\/\/yoast.com\/wordpress\/plugins\/seo\/ -->\n<title>Dienstleistungen - R\u00e9daTech<\/title>\n<meta name=\"robots\" content=\"index, follow, max-snippet:-1, max-image-preview:large, max-video-preview:-1\" \/>\n<link rel=\"canonical\" href=\"https:\/\/www.redatech.ch\/de\/services\/\" \/>\n<meta property=\"og:locale\" content=\"de_DE\" \/>\n<meta property=\"og:type\" content=\"article\" \/>\n<meta property=\"og:title\" content=\"Dienstleistungen - R\u00e9daTech\" \/>\n<meta property=\"og:description\" content=\"[vc_row full_width=&#8220;stretch_row_content_no_spaces&#8220; css=&#8220;.vc_custom_1511883728540{background-color: #f1f1f1 !important;}&#8220;][vc_column css=&#8220;.vc_custom_1511883697235{background-color: #f1f1f1 !important;background-position: center !important;background-repeat: no-repeat !important;background-size: cover !important;}&#8220;][vc_column_text][\/vc_column_text][\/vc_column][\/vc_row][vc_row full_width=&#8220;stretch_row_content_no_spaces&#8220; equal_height=&#8220;yes&#8220; content_placement=&#8220;middle&#8220; css=&#8220;.vc_custom_1521802523591{background-position: center !important;background-repeat: no-repeat !important;background-size: cover !important;}&#8220; el_id=&#8220;miseenplans&#8220;][vc_column parallax=&#8220;content-moving&#8220; width=&#8220;1\/2&#8243; css=&#8220;.vc_custom_1522337640635{background-image: url(https:\/\/www.redatech.ch\/wp-content\/uploads\/2018\/03\/11.jpg?id=7253) !important;background-position: center !important;background-repeat: no-repeat !important;background-size: cover !important;}&#8220; el_class=&#8220;banneronmobile&#8220; offset=&#8220;vc_hidden-xs&#8220;][g5plus_space desktop=&#8220;800&#8243; tablet=&#8220;640&#8243; tablet_portrait=&#8220;640&#8243; mobile_landscape=&#8220;500&#8243; mobile=&#8220;500&#8243;][\/vc_column][vc_column width=&#8220;1\/2&#8243; css=&#8220;.vc_custom_1521756643564{background-color: #f4f4f4 !important;background-position: center !important;background-repeat: no-repeat !important;background-size: cover !important;}&#8220;][vc_row_inner content_placement=&#8220;middle&#8220; el_class=&#8220;max-width-480 [&hellip;]\" \/>\n<meta property=\"og:url\" content=\"https:\/\/www.redatech.ch\/de\/services\/\" \/>\n<meta property=\"og:site_name\" content=\"R\u00e9daTech\" \/>\n<meta property=\"article:modified_time\" content=\"2021-01-29T09:41:37+00:00\" \/>\n<meta name=\"twitter:card\" content=\"summary_large_image\" \/>\n<meta name=\"twitter:label1\" content=\"Gesch\u00e4tzte Lesezeit\" \/>\n\t<meta name=\"twitter:data1\" content=\"4 Minuten\" \/>\n<script type=\"application\/ld+json\" class=\"yoast-schema-graph\">{\"@context\":\"https:\/\/schema.org\",\"@graph\":[{\"@type\":\"WebPage\",\"@id\":\"https:\/\/www.redatech.ch\/de\/services\/\",\"url\":\"https:\/\/www.redatech.ch\/de\/services\/\",\"name\":\"Dienstleistungen - R\u00e9daTech\",\"isPartOf\":{\"@id\":\"https:\/\/www.redatech.ch\/#website\"},\"datePublished\":\"2018-06-20T13:34:00+00:00\",\"dateModified\":\"2021-01-29T09:41:37+00:00\",\"breadcrumb\":{\"@id\":\"https:\/\/www.redatech.ch\/de\/services\/#breadcrumb\"},\"inLanguage\":\"de-DE\",\"potentialAction\":[{\"@type\":\"ReadAction\",\"target\":[\"https:\/\/www.redatech.ch\/de\/services\/\"]}]},{\"@type\":\"BreadcrumbList\",\"@id\":\"https:\/\/www.redatech.ch\/de\/services\/#breadcrumb\",\"itemListElement\":[{\"@type\":\"ListItem\",\"position\":1,\"name\":\"Accueil\",\"item\":\"https:\/\/www.redatech.ch\/de\/\"},{\"@type\":\"ListItem\",\"position\":2,\"name\":\"Dienstleistungen\"}]},{\"@type\":\"WebSite\",\"@id\":\"https:\/\/www.redatech.ch\/#website\",\"url\":\"https:\/\/www.redatech.ch\/\",\"name\":\"R\u00e9daTech\",\"description\":\"\",\"publisher\":{\"@id\":\"https:\/\/www.redatech.ch\/#organization\"},\"potentialAction\":[{\"@type\":\"SearchAction\",\"target\":{\"@type\":\"EntryPoint\",\"urlTemplate\":\"https:\/\/www.redatech.ch\/?s={search_term_string}\"},\"query-input\":\"required name=search_term_string\"}],\"inLanguage\":\"de-DE\"},{\"@type\":\"Organization\",\"@id\":\"https:\/\/www.redatech.ch\/#organization\",\"name\":\"R\u00e9daTech SA\",\"url\":\"https:\/\/www.redatech.ch\/\",\"logo\":{\"@type\":\"ImageObject\",\"inLanguage\":\"de-DE\",\"@id\":\"https:\/\/www.redatech.ch\/#\/schema\/logo\/image\/\",\"url\":\"https:\/\/www.redatech.ch\/wp-content\/uploads\/2017\/11\/Logo_Redatech.png\",\"contentUrl\":\"https:\/\/www.redatech.ch\/wp-content\/uploads\/2017\/11\/Logo_Redatech.png\",\"width\":127,\"height\":100,\"caption\":\"R\u00e9daTech SA\"},\"image\":{\"@id\":\"https:\/\/www.redatech.ch\/#\/schema\/logo\/image\/\"},\"sameAs\":[\"https:\/\/www.linkedin.com\/company\/1337878\/\"]}]}<\/script>\n<!-- \/ Yoast SEO plugin. -->","yoast_head_json":{"title":"Dienstleistungen - R\u00e9daTech","robots":{"index":"index","follow":"follow","max-snippet":"max-snippet:-1","max-image-preview":"max-image-preview:large","max-video-preview":"max-video-preview:-1"},"canonical":"https:\/\/www.redatech.ch\/de\/services\/","og_locale":"de_DE","og_type":"article","og_title":"Dienstleistungen - R\u00e9daTech","og_description":"[vc_row full_width=&#8220;stretch_row_content_no_spaces&#8220; css=&#8220;.vc_custom_1511883728540{background-color: #f1f1f1 !important;}&#8220;][vc_column css=&#8220;.vc_custom_1511883697235{background-color: #f1f1f1 !important;background-position: center !important;background-repeat: no-repeat !important;background-size: cover !important;}&#8220;][vc_column_text][\/vc_column_text][\/vc_column][\/vc_row][vc_row full_width=&#8220;stretch_row_content_no_spaces&#8220; equal_height=&#8220;yes&#8220; content_placement=&#8220;middle&#8220; css=&#8220;.vc_custom_1521802523591{background-position: center !important;background-repeat: no-repeat !important;background-size: cover !important;}&#8220; el_id=&#8220;miseenplans&#8220;][vc_column parallax=&#8220;content-moving&#8220; width=&#8220;1\/2&#8243; css=&#8220;.vc_custom_1522337640635{background-image: url(https:\/\/www.redatech.ch\/wp-content\/uploads\/2018\/03\/11.jpg?id=7253) !important;background-position: center !important;background-repeat: no-repeat !important;background-size: cover !important;}&#8220; el_class=&#8220;banneronmobile&#8220; offset=&#8220;vc_hidden-xs&#8220;][g5plus_space desktop=&#8220;800&#8243; tablet=&#8220;640&#8243; tablet_portrait=&#8220;640&#8243; mobile_landscape=&#8220;500&#8243; mobile=&#8220;500&#8243;][\/vc_column][vc_column width=&#8220;1\/2&#8243; css=&#8220;.vc_custom_1521756643564{background-color: #f4f4f4 !important;background-position: center !important;background-repeat: no-repeat !important;background-size: cover !important;}&#8220;][vc_row_inner content_placement=&#8220;middle&#8220; el_class=&#8220;max-width-480 [&hellip;]","og_url":"https:\/\/www.redatech.ch\/de\/services\/","og_site_name":"R\u00e9daTech","article_modified_time":"2021-01-29T09:41:37+00:00","twitter_card":"summary_large_image","twitter_misc":{"Gesch\u00e4tzte Lesezeit":"4 Minuten"},"schema":{"@context":"https:\/\/schema.org","@graph":[{"@type":"WebPage","@id":"https:\/\/www.redatech.ch\/de\/services\/","url":"https:\/\/www.redatech.ch\/de\/services\/","name":"Dienstleistungen - R\u00e9daTech","isPartOf":{"@id":"https:\/\/www.redatech.ch\/#website"},"datePublished":"2018-06-20T13:34:00+00:00","dateModified":"2021-01-29T09:41:37+00:00","breadcrumb":{"@id":"https:\/\/www.redatech.ch\/de\/services\/#breadcrumb"},"inLanguage":"de-DE","potentialAction":[{"@type":"ReadAction","target":["https:\/\/www.redatech.ch\/de\/services\/"]}]},{"@type":"BreadcrumbList","@id":"https:\/\/www.redatech.ch\/de\/services\/#breadcrumb","itemListElement":[{"@type":"ListItem","position":1,"name":"Accueil","item":"https:\/\/www.redatech.ch\/de\/"},{"@type":"ListItem","position":2,"name":"Dienstleistungen"}]},{"@type":"WebSite","@id":"https:\/\/www.redatech.ch\/#website","url":"https:\/\/www.redatech.ch\/","name":"R\u00e9daTech","description":"","publisher":{"@id":"https:\/\/www.redatech.ch\/#organization"},"potentialAction":[{"@type":"SearchAction","target":{"@type":"EntryPoint","urlTemplate":"https:\/\/www.redatech.ch\/?s={search_term_string}"},"query-input":"required name=search_term_string"}],"inLanguage":"de-DE"},{"@type":"Organization","@id":"https:\/\/www.redatech.ch\/#organization","name":"R\u00e9daTech SA","url":"https:\/\/www.redatech.ch\/","logo":{"@type":"ImageObject","inLanguage":"de-DE","@id":"https:\/\/www.redatech.ch\/#\/schema\/logo\/image\/","url":"https:\/\/www.redatech.ch\/wp-content\/uploads\/2017\/11\/Logo_Redatech.png","contentUrl":"https:\/\/www.redatech.ch\/wp-content\/uploads\/2017\/11\/Logo_Redatech.png","width":127,"height":100,"caption":"R\u00e9daTech SA"},"image":{"@id":"https:\/\/www.redatech.ch\/#\/schema\/logo\/image\/"},"sameAs":["https:\/\/www.linkedin.com\/company\/1337878\/"]}]}},"_links":{"self":[{"href":"https:\/\/www.redatech.ch\/de\/wp-json\/wp\/v2\/pages\/8097"}],"collection":[{"href":"https:\/\/www.redatech.ch\/de\/wp-json\/wp\/v2\/pages"}],"about":[{"href":"https:\/\/www.redatech.ch\/de\/wp-json\/wp\/v2\/types\/page"}],"author":[{"embeddable":true,"href":"https:\/\/www.redatech.ch\/de\/wp-json\/wp\/v2\/users\/5"}],"replies":[{"embeddable":true,"href":"https:\/\/www.redatech.ch\/de\/wp-json\/wp\/v2\/comments?post=8097"}],"version-history":[{"count":13,"href":"https:\/\/www.redatech.ch\/de\/wp-json\/wp\/v2\/pages\/8097\/revisions"}],"predecessor-version":[{"id":8976,"href":"https:\/\/www.redatech.ch\/de\/wp-json\/wp\/v2\/pages\/8097\/revisions\/8976"}],"wp:attachment":[{"href":"https:\/\/www.redatech.ch\/de\/wp-json\/wp\/v2\/media?parent=8097"}],"curies":[{"name":"wp","href":"https:\/\/api.w.org\/{rel}","templated":true}]}}