{"id":8090,"date":"2018-06-20T15:31:55","date_gmt":"2018-06-20T13:31:55","guid":{"rendered":"https:\/\/www.redatech.ch\/home\/"},"modified":"2023-01-16T14:01:19","modified_gmt":"2023-01-16T13:01:19","slug":"startseite","status":"publish","type":"page","link":"https:\/\/www.redatech.ch\/de\/","title":{"rendered":"Startseite"},"content":{"rendered":"<p>[vc_row full_width=&#8220;stretch_row_content_no_spaces&#8220; css=&#8220;.vc_custom_1519142774248{background-color: #f9f9f9 !important;}&#8220;][vc_column css=&#8220;.vc_custom_1519142207481{background-position: center !important;background-repeat: no-repeat !important;background-size: cover !important;}&#8220;][vc_column_text]\n<div id=\"rev_slider_41_1_wrapper\" class=\"rev_slider_wrapper fullscreen-container\" data-source=\"gallery\" style=\"background:transparent;padding:0px;\">\n<!-- START REVOLUTION SLIDER 5.4.5 fullscreen mode -->\n\t<div id=\"rev_slider_41_1\" class=\"rev_slider fullscreenbanner\" style=\"display:none;\" data-version=\"5.4.5\">\n<ul>\t<!-- SLIDE  -->\n\t<li data-index=\"rs-88\" data-transition=\"fade\" data-slotamount=\"default\" data-hideafterloop=\"0\" data-hideslideonmobile=\"off\"  data-easein=\"default\" data-easeout=\"default\" data-masterspeed=\"300\"  data-thumb=\"https:\/\/www.redatech.ch\/wp-content\/uploads\/2020\/07\/vlcsnap-2020-03-12-10h24m36s466-100x50.jpg\"  data-delay=\"170\"  data-rotate=\"0\"  data-saveperformance=\"off\"  data-title=\"Slide\" data-param1=\"\" data-param2=\"\" data-param3=\"\" data-param4=\"\" data-param5=\"\" data-param6=\"\" data-param7=\"\" data-param8=\"\" data-param9=\"\" data-param10=\"\" data-description=\"\">\n\t\t<!-- MAIN IMAGE -->\n\t\t<img src=\"https:\/\/www.redatech.ch\/wp-content\/plugins\/revslider\/admin\/assets\/images\/dummy.png\"  alt=\"\" title=\"vlcsnap-2020-03-12-10h24m36s466\"  width=\"1920\" height=\"1080\" data-lazyload=\"https:\/\/www.redatech.ch\/wp-content\/uploads\/2020\/07\/vlcsnap-2020-03-12-10h24m36s466.jpg\" data-bgposition=\"center center\" data-bgfit=\"cover\" data-bgparallax=\"off\" class=\"rev-slidebg\" data-no-retina>\n\t\t<!-- LAYERS -->\n\n\t\t<!-- BACKGROUND VIDEO LAYER -->\n\t\t<div class=\"rs-background-video-layer\" \n\t\t\tdata-forcerewind=\"on\" \n\t\t\tdata-volume=\"mute\" \n\t\t\tdata-videowidth=\"100%\" \n\t\t\tdata-videoheight=\"100%\" \n\t\t\tdata-videomp4=\"https:\/\/www.redatech.ch\/wp-content\/uploads\/2021\/01\/TeaserFinal_HDMuted_02.mp4\" \n\t\t\tdata-videopreload=\"auto\" \n\t\t\tdata-videoloop=\"loopandnoslidestop\" \n\t\t\tdata-forceCover=\"1\" \n\t\t\tdata-aspectratio=\"16:9\" \n\t\t\tdata-autoplay=\"true\" \n\t\t\tdata-autoplayonlyfirsttime=\"false\" \n><\/div>\t<\/li>\n<\/ul>\n<div class=\"tp-bannertimer tp-bottom\" style=\"visibility: hidden !important;\"><\/div>\t<\/div>\n<script>var htmlDiv = document.getElementById(\"rs-plugin-settings-inline-css\"); var htmlDivCss=\"\";\n\t\t\t\tif(htmlDiv) {\n\t\t\t\t\thtmlDiv.innerHTML = htmlDiv.innerHTML + htmlDivCss;\n\t\t\t\t}else{\n\t\t\t\t\tvar htmlDiv = document.createElement(\"div\");\n\t\t\t\t\thtmlDiv.innerHTML = \"<style>\" + htmlDivCss + \"<\/style>\";\n\t\t\t\t\tdocument.getElementsByTagName(\"head\")[0].appendChild(htmlDiv.childNodes[0]);\n\t\t\t\t}\n\t\t\t<\/script>\n\t\t<script type=\"text\/javascript\">\nsetREVStartSize({c: jQuery('#rev_slider_41_1'), responsiveLevels: [1240,1024,778,480], gridwidth: [1400,1240,778,480], gridheight: [868,768,960,720], sliderLayout: 'fullscreen', fullScreenAutoWidth:'off', fullScreenAlignForce:'off', fullScreenOffsetContainer:'', fullScreenOffset:''});\n\t\t\t\nvar revapi41,\n\ttpj=jQuery;\n\t\t\t\ntpj(document).ready(function() {\n\tif(tpj(\"#rev_slider_41_1\").revolution == undefined){\n\t\trevslider_showDoubleJqueryError(\"#rev_slider_41_1\");\n\t}else{\n\t\trevapi41 = tpj(\"#rev_slider_41_1\").show().revolution({\n\t\t\tsliderType:\"hero\",\n\t\t\tjsFileLocation:\"\/\/www.redatech.ch\/wp-content\/plugins\/revslider\/public\/assets\/js\/\",\n\t\t\tsliderLayout:\"fullscreen\",\n\t\t\tdottedOverlay:\"none\",\n\t\t\tdelay:9000,\n\t\t\tresponsiveLevels:[1240,1024,778,480],\n\t\t\tvisibilityLevels:[1240,1024,778,480],\n\t\t\tgridwidth:[1400,1240,778,480],\n\t\t\tgridheight:[868,768,960,720],\n\t\t\tlazyType:\"smart\",\n\t\t\tparallax: {\n\t\t\t\ttype:\"mouse\",\n\t\t\t\torigo:\"slidercenter\",\n\t\t\t\tspeed:2000,\n\t\t\t\tspeedbg:0,\n\t\t\t\tspeedls:0,\n\t\t\t\tlevels:[2,3,4,5,6,7,12,16,10,50,47,48,49,50,51,55],\n\t\t\t},\n\t\t\tshadow:0,\n\t\t\tspinner:\"off\",\n\t\t\tautoHeight:\"off\",\n\t\t\tfullScreenAutoWidth:\"off\",\n\t\t\tfullScreenAlignForce:\"off\",\n\t\t\tfullScreenOffsetContainer: \"\",\n\t\t\tfullScreenOffset: \"\",\n\t\t\tdisableProgressBar:\"on\",\n\t\t\thideThumbsOnMobile:\"on\",\n\t\t\thideSliderAtLimit:0,\n\t\t\thideCaptionAtLimit:0,\n\t\t\thideAllCaptionAtLilmit:0,\n\t\t\tdebugMode:false,\n\t\t\tfallbacks: {\n\t\t\t\tsimplifyAll:\"off\",\n\t\t\t\tdisableFocusListener:false,\n\t\t\t}\n\t\t});\n\t}\n\t\n});\t\/*ready*\/\n<\/script>\n\t\t<\/div><!-- END REVOLUTION SLIDER -->[\/vc_column_text][\/vc_column][\/vc_row][vc_row full_width=&#8220;stretch_row&#8220; parallax=&#8220;content-moving&#8220; parallax_speed_bg=&#8220;2.0&#8243; overlay_mode=&#8220;color&#8220; css=&#8220;.vc_custom_1521737722911{padding-top: 50px !important;padding-bottom: 50px !important;}&#8220;][vc_column parallax=&#8220;content-moving&#8220;][vc_column_text el_class=&#8220;block-titles&#8220;]<\/p>\n<h4 style=\"text-align: center;\">Was bedeutet &#8222;technische Kommunikation&#8220;?<\/h4>\n<p>[\/vc_column_text][vc_separator color=&#8220;custom&#8220; border_width=&#8220;3&#8243; el_width=&#8220;10&#8243; accent_color=&#8220;#e94a65&#8243; css=&#8220;.vc_custom_1518777981302{margin-top: 18px !important;margin-bottom: 18px !important;}&#8220;][vc_column_text el_class=&#8220;h1-title&#8220;]<\/p>\n<p class=\"fs-16 large-line\" style=\"text-align: center;\">Dieses Fachgebiet umfasst Kommunikationstr\u00e4ger und -mittel, die f\u00fcr die Nutzung Ihrer Produkte im Laufe ihrer Lebensdauer sowie f\u00fcr Ihr Markenimage von entscheidender Bedeutung sind.<\/p>\n<p style=\"text-align: center;\">Intern zur Erstellung und \u00dcbermittlung von Informationen, die f\u00fcr die Planungs- und Fertigungsprozesse erforderlich sind.<\/p>\n<p style=\"text-align: center;\">Extern f\u00fcr die Verbreitung s\u00e4mtlicher Informationen, die f\u00fcr Ihre Kunden zur Bedienung und Nutzung Ihrer Produkte relevant sind.<\/p>\n<p>[\/vc_column_text][g5plus_space desktop=&#8220;50&#8243; tablet=&#8220;50&#8243; tablet_portrait=&#8220;50&#8243; mobile_landscape=&#8220;30&#8243; mobile=&#8220;30&#8243;][vc_separator color=&#8220;custom&#8220; border_width=&#8220;2&#8243; el_width=&#8220;20&#8243; accent_color=&#8220;#a3a3a3&#8243; css=&#8220;.vc_custom_1521761922448{margin-top: 18px !important;margin-bottom: 18px !important;}&#8220;][\/vc_column][\/vc_row][vc_row full_width=&#8220;stretch_row&#8220; parallax=&#8220;content-moving&#8220; parallax_speed_bg=&#8220;2.0&#8243; overlay_mode=&#8220;color&#8220; css=&#8220;.vc_custom_1521761909979{padding-top: 0px !important;padding-bottom: 50px !important;}&#8220;][vc_column parallax=&#8220;content-moving&#8220;][vc_separator color=&#8220;custom&#8220; border_width=&#8220;3&#8243; el_width=&#8220;10&#8243; accent_color=&#8220;#e94a65&#8243; css=&#8220;.vc_custom_1518777981302{margin-top: 18px !important;margin-bottom: 18px !important;}&#8220;][\/vc_column][\/vc_row][vc_row full_width=&#8220;stretch_row&#8220; parallax=&#8220;content-moving&#8220; parallax_image=&#8220;1932&#8243; parallax_speed_bg=&#8220;2.0&#8243; overlay_mode=&#8220;color&#8220; overlay_color=&#8220;#a7e0f0&#8243; css=&#8220;.vc_custom_1519321335369{padding-top: 50px !important;padding-bottom: 50px !important;}&#8220;][vc_column parallax=&#8220;content-moving&#8220; css=&#8220;.vc_custom_1518778417041{background-color: #a7e0f0 !important;}&#8220;][vc_column_text el_class=&#8220;block-titles&#8220;]<\/p>\n<h4 style=\"text-align: center;\">Technische Kommunikation<\/h4>\n<p>[\/vc_column_text][vc_separator color=&#8220;custom&#8220; border_width=&#8220;3&#8243; el_width=&#8220;10&#8243; accent_color=&#8220;#e94a65&#8243; css=&#8220;.vc_custom_1518777981302{margin-top: 18px !important;margin-bottom: 18px !important;}&#8220;][vc_column_text el_class=&#8220;para-communication block-titles&#8220;]<\/p>\n<h5 style=\"text-align: center;\">F\u00fcr eine eindeutige und effiziente Kommunikation \u00fcbernehmen wir die vollst\u00e4ndige Erstellung und das Management der technischen Dokumentation f\u00fcr Ihre Produkte.<\/h5>\n<h5 style=\"text-align: center;\">Schwerpunkte:<\/h5>\n<p>[\/vc_column_text][vc_row_inner][vc_column_inner el_class=&#8220;xs-mg-bottom-0 fill-one icons&#8220;][vc_raw_html]JTNDYSUyMGNsYXNzJTNEJTIyZmlsLTElMjIlMjBocmVmJTNEJTIyaHR0cHMlM0ElMkYlMkZ3d3cucmVkYXRlY2guY2glMkZkZSUyRnRlY2huaXNjaGUta29tbXVuaWthdGlvbiUyRiUyM3JlZGFjdGlvbiUyMiUzRSUwQVRleHRlcnN0ZWxsdW5nJTNDJTJGYSUzRSUyMCUwQSUwQSUzQ2ElMjBjbGFzcyUzRCUyMmZpbC0yJTIyJTIwaHJlZiUzRCUyMmh0dHBzJTNBJTJGJTJGd3d3LnJlZGF0ZWNoLmNoJTJGZGUlMkZ0ZWNobmlzY2hlLWtvbW11bmlrYXRpb24lMkYlMjN0cmFkdWN0aW9uJTIyJTNFJTBBJUMzJTlDYmVyc2V0enVuZyUzQyUyRmElM0UlMjAlMEElMEElM0NhJTIwY2xhc3MlM0QlMjJmaWwtMyUyMiUyMGhyZWYlM0QlMjJodHRwcyUzQSUyRiUyRnd3dy5yZWRhdGVjaC5jaCUyRmRlJTJGdGVjaG5pc2NoZS1rb21tdW5pa2F0aW9uJTJGJTIzZGlmZnVzaW9uJTIyJTNFJTBBVmVyJUMzJUI2ZmZlbnRsaWNodW5nJTNDJTJGYSUzRSUyMCUyMCUwQSUwQSUwQQ==[\/vc_raw_html][\/vc_column_inner][\/vc_row_inner][vc_row_inner][vc_column_inner el_class=&#8220;xs-mg-bottom-30 fill-one small-blocks&#8220; css=&#8220;.vc_custom_1519142512738{margin-left: 0px !important;}&#8220;][vc_raw_html]JTNDYSUyMGNsYXNzJTNEJTIyZmlsLTQlMjIlMjBocmVmJTNEJTIyaHR0cHMlM0ElMkYlMkZ3d3cucmVkYXRlY2guY2glMkZkZSUyRnRlY2huaXNjaGUta29tbXVuaWthdGlvbiUyRiUyM291dGlsc21lZGlhcyUyMiUzRSUwQVRvb2xzJTIwJTI2YW1wJTNCJTIwTWVkaWVuJTNDJTJGYSUzRSUyMCUwQSUwQSUzQ2ElMjBjbGFzcyUzRCUyMmZpbC01JTIyJTIwaHJlZiUzRCUyMmh0dHBzJTNBJTJGJTJGd3d3LnJlZGF0ZWNoLmNoJTJGZGUlMkZ0ZWNobmlzY2hlLWtvbW11bmlrYXRpb24lMkYlMjNnZXN0aW9uJTIyJTNFJTIwJTBBTWFuYWdlbWVudCUyNm5ic3AlM0IlM0MlMkZhJTNFJTBB[\/vc_raw_html][\/vc_column_inner][\/vc_row_inner][\/vc_column][\/vc_row][vc_row][vc_column css=&#8220;.vc_custom_1511649240326{background-color: #ffffff !important;}&#8220;][vc_separator color=&#8220;custom&#8220; el_width=&#8220;90&#8243; accent_color=&#8220;#cb9ca1&#8243; css=&#8220;.vc_custom_1511951591358{margin-top: 42px !important;margin-bottom: 42px !important;}&#8220;][\/vc_column][\/vc_row][vc_row full_width=&#8220;stretch_row&#8220; parallax=&#8220;content-moving&#8220; parallax_image=&#8220;1932&#8243; parallax_speed_bg=&#8220;2.0&#8243; overlay_mode=&#8220;color&#8220; overlay_color=&#8220;#a7e0f0&#8243; css=&#8220;.vc_custom_1519321371788{border-left-width: 0px !important;padding-top: 50px !important;padding-bottom: 50px !important;}&#8220;][vc_column parallax=&#8220;content-moving&#8220; css=&#8220;.vc_custom_1518778631621{padding-left: 0px !important;background-color: #a7e0f0 !important;}&#8220;][vc_column_text el_class=&#8220;block-titles&#8220;]<\/p>\n<h4 style=\"text-align: center;\">Beratung &amp; Betreuung<\/h4>\n<p>[\/vc_column_text][vc_separator color=&#8220;custom&#8220; border_width=&#8220;3&#8243; el_width=&#8220;10&#8243; accent_color=&#8220;#e94a65&#8243; css=&#8220;.vc_custom_1518778345466{margin-top: 18px !important;margin-bottom: 18px !important;}&#8220;][vc_column_text el_class=&#8220;block-titles&#8220; css=&#8220;.vc_custom_1519667698435{padding-left: 0px !important;}&#8220;]<\/p>\n<h5 style=\"text-align: center;\">Wir unterst\u00fctzen Sie bei der Verbesserung Ihrer technischen Kommunikation, unabh\u00e4ngig von Ihrem Fachbereich.<\/h5>\n<p>[\/vc_column_text][vc_row_inner][vc_column_inner el_class=&#8220;xs-mg-bottom-30 fill-one&#8220; css=&#8220;.vc_custom_1511946836486{margin-left: 0px !important;}&#8220;][g5plus_space desktop=&#8220;90&#8243; tablet=&#8220;90&#8243; tablet_portrait=&#8220;90&#8243; mobile_landscape=&#8220;60&#8243; mobile=&#8220;60&#8243;][vc_raw_html el_class=&#8220;icons-link&#8220;]JTNDYSUyMGNsYXNzJTNEJTIyZmlsLTYlMjIlMjBocmVmJTNEJTIyaHR0cHMlM0ElMkYlMkZ3d3cucmVkYXRlY2guY2glMkZkZSUyRmJlcmF0dW5nLWJldHJldXVuZyUyRiUyM2F1ZGl0JTIyJTNFJTBBQXVkaXQlM0MlMkZhJTNFJTIwJTBBJTBBJTNDYSUyMGNsYXNzJTNEJTIyZmlsLTclMjIlMjBocmVmJTNEJTIyaHR0cHMlM0ElMkYlMkZ3d3cucmVkYXRlY2guY2glMkZkZSUyRmJlcmF0dW5nLWJldHJldXVuZyUyRiUyM2FuYWx5c2UlMjIlM0UlMEFSaXNpa29hbmFseXNlJTNDJTJGYSUzRSUwQQ==[\/vc_raw_html][\/vc_column_inner][\/vc_row_inner][\/vc_column][\/vc_row][vc_row][vc_column css=&#8220;.vc_custom_1511649240326{background-color: #ffffff !important;}&#8220;][vc_separator color=&#8220;custom&#8220; el_width=&#8220;90&#8243; accent_color=&#8220;#cb9ca1&#8243; css=&#8220;.vc_custom_1511951610923{margin-top: 42px !important;margin-bottom: 42px !important;}&#8220;][\/vc_column][\/vc_row][vc_row full_width=&#8220;stretch_row&#8220; parallax=&#8220;content-moving&#8220; parallax_image=&#8220;1932&#8243; parallax_speed_bg=&#8220;2.0&#8243; overlay_mode=&#8220;color&#8220; overlay_color=&#8220;#a7e0f0&#8243; css=&#8220;.vc_custom_1519321353770{padding-top: 50px !important;padding-bottom: 50px !important;}&#8220;][vc_column parallax=&#8220;content-moving&#8220; css=&#8220;.vc_custom_1518778667114{background-color: #a7e0f0 !important;}&#8220;][vc_column_text el_class=&#8220;block-titles&#8220;]<\/p>\n<h4 style=\"text-align: center;\">Unsere Expertise umfasst weitere Aktivit\u00e4ten<\/h4>\n<p>[\/vc_column_text][vc_separator color=&#8220;custom&#8220; border_width=&#8220;3&#8243; el_width=&#8220;10&#8243; accent_color=&#8220;#e94a65&#8243; css=&#8220;.vc_custom_1518778585902{margin-top: 18px !important;margin-bottom: 18px !important;}&#8220;][vc_column_text el_class=&#8220;para-communication block-titles&#8220;]<\/p>\n<h5 style=\"text-align: center;\">Wir bieten ein fundiertes Dokumentenmanagement \u2013 doch das ist noch nicht alles \u2026<\/h5>\n<h5 style=\"text-align: center;\">Unsere Expertise beschr\u00e4nkt sich nicht nur auf die Grundaufgaben in Zusammenhang mit der Erstellung und \u00dcbersetzung technischer Texte, sondern umfasst weitere T\u00e4tigkeitsfelder.<\/h5>\n<p>[\/vc_column_text][g5plus_space desktop=&#8220;46&#8243; tablet=&#8220;70&#8243; tablet_portrait=&#8220;60&#8243; mobile_landscape=&#8220;50&#8243; mobile=&#8220;40&#8243;][vc_row_inner el_class=&#8220;icons-links&#8220;][vc_column_inner el_class=&#8220;xs-mg-bottom-30 fill-one&#8220; css=&#8220;.vc_custom_1511824318885{margin-left: 0px !important;}&#8220;][vc_raw_html el_class=&#8220;icons-link&#8220;]JTNDYSUyMGNsYXNzJTNEJTIyZmlsLTglMjIlMjBocmVmJTNEJTIyaHR0cHMlM0ElMkYlMkZ3d3cucmVkYXRlY2guY2glMkZkZSUyRnNlcnZpY2VzJTJGJTIzbWlzZWVucGxhbnMlMjIlM0UlMEFFcnN0ZWxsdW5nJTIwdW5kJTIwVmVyd2FsdHVuZyUzQ2JyJTIwJTJGJTNFJTBBJTIwdm9uJTIwRG9rdW1lbnRlbiUzQyUyRmElM0UlMjAlMEElMEElM0NhJTIwY2xhc3MlM0QlMjJmaWwtMTAlMjIlMjBocmVmJTNEJTIyaHR0cHMlM0ElMkYlMkZ3d3cucmVkYXRlY2guY2glMkZkZSUyRnNlcnZpY2VzJTJGJTIzYXNzdXJhbmNlcXVhbGl0ZSUyMiUzRSUyNm5ic3AlM0IlMEFQYXJ0bmVyc2NoYWZ0JTIwbWl0JTIwUXVhbm9zJTIwJUUyJTgwJTkzJTIwU2NoZW1hJTIwU1Q0JTNDYnIlMjAlMkYlM0UlMjZuYnNwJTNCJTNDJTJGYSUzRSUwQQ==[\/vc_raw_html][\/vc_column_inner][\/vc_row_inner][\/vc_column][\/vc_row][vc_row][vc_column][vc_separator color=&#8220;custom&#8220; el_width=&#8220;90&#8243; accent_color=&#8220;#cb9ca1&#8243; css=&#8220;.vc_custom_1511951647883{margin-top: 42px !important;margin-bottom: 42px !important;}&#8220;][\/vc_column][\/vc_row][vc_row full_width=&#8220;stretch_row_content&#8220;][vc_column parallax=&#8220;content-moving-fade&#8220; parallax_image=&#8220;7023&#8243; parallax_speed_bg=&#8220;2&#8243; css=&#8220;.vc_custom_1519318376072{background-position: center !important;background-repeat: no-repeat !important;background-size: cover !important;}&#8220;][g5plus_space desktop=&#8220;80&#8243; tablet=&#8220;70&#8243; tablet_portrait=&#8220;60&#8243; mobile_landscape=&#8220;50&#8243; mobile=&#8220;40&#8243;][vc_single_image image=&#8220;6038&#8243; alignment=&#8220;center&#8220; onclick=&#8220;custom_link&#8220; link=&#8220;de\/lab-tech&#8220;][vc_column_text el_class=&#8220;labTech&#8220;]<\/p>\n<p style=\"text-align: center;\"><a href=\"https:\/\/www.redatech.ch\/de\/labtech\/\">Entdecken Sie unser<\/a><\/p>\n<p style=\"text-align: center;\"><a href=\"https:\/\/www.redatech.ch\/de\/labtech\/\"> LabTech!<\/a><\/p>\n<p>[\/vc_column_text][g5plus_space desktop=&#8220;56&#8243; tablet=&#8220;70&#8243; tablet_portrait=&#8220;60&#8243; mobile_landscape=&#8220;50&#8243; mobile=&#8220;40&#8243;][\/vc_column][\/vc_row][vc_row full_width=&#8220;stretch_row_content_no_spaces&#8220;][vc_column css=&#8220;.vc_custom_1511858662392{background-color: #cb9ca1 !important;background-position: center !important;background-repeat: no-repeat !important;background-size: cover !important;}&#8220;][vc_row_inner content_placement=&#8220;middle&#8220; css=&#8220;.vc_custom_1511963196171{padding-top: 100px !important;padding-bottom: 100px !important;}&#8220; el_class=&#8220;counter-millieu centered&#8220;][vc_column_inner width=&#8220;1\/3&#8243;][g5plus_counter title=&#8220;Bearbeitete Dokumente&#8220; end=&#8220;32945&#8243; el_class=&#8220;counter-icon&#8220;][\/vc_column_inner][vc_column_inner width=&#8220;1\/3&#8243;][g5plus_counter title=&#8220;Kunden&#8220; end=&#8220;123&#8243; el_class=&#8220;counter-icon&#8220;][\/vc_column_inner][vc_column_inner width=&#8220;1\/3&#8243;][g5plus_counter title=&#8220;T\u00e4tigkeitsjahre&#8220; end=&#8220;33&#8243; el_class=&#8220;counter-icon&#8220;][\/vc_column_inner][\/vc_row_inner][\/vc_column][\/vc_row][vc_row content_placement=&#8220;middle&#8220;][vc_column][g5plus_space desktop=&#8220;60&#8243; tablet=&#8220;50&#8243; tablet_portrait=&#8220;50&#8243; mobile_landscape=&#8220;30&#8243; mobile=&#8220;30&#8243;][g5plus_blog category=&#8220;news,news-de&#8220; layout=&#8220;masonry&#8220; columns=&#8220;3&#8243; max_items=&#8220;2&#8243;][g5plus_space desktop=&#8220;50&#8243; tablet=&#8220;50&#8243; tablet_portrait=&#8220;50&#8243; mobile_landscape=&#8220;30&#8243; mobile=&#8220;30&#8243;][\/vc_column][\/vc_row]<\/p>\n","protected":false},"excerpt":{"rendered":"<p>[vc_row full_width=&#8220;stretch_row_content_no_spaces&#8220; css=&#8220;.vc_custom_1519142774248{background-color: #f9f9f9 !important;}&#8220;][vc_column css=&#8220;.vc_custom_1519142207481{background-position: center !important;background-repeat: no-repeat !important;background-size: cover !important;}&#8220;][vc_column_text][\/vc_column_text][\/vc_column][\/vc_row][vc_row full_width=&#8220;stretch_row&#8220; parallax=&#8220;content-moving&#8220; parallax_speed_bg=&#8220;2.0&#8243; overlay_mode=&#8220;color&#8220; css=&#8220;.vc_custom_1521737722911{padding-top: 50px !important;padding-bottom: 50px !important;}&#8220;][vc_column parallax=&#8220;content-moving&#8220;][vc_column_text el_class=&#8220;block-titles&#8220;] Was bedeutet &#8222;technische Kommunikation&#8220;? [\/vc_column_text][vc_separator color=&#8220;custom&#8220; border_width=&#8220;3&#8243; el_width=&#8220;10&#8243; accent_color=&#8220;#e94a65&#8243; css=&#8220;.vc_custom_1518777981302{margin-top: 18px !important;margin-bottom: 18px !important;}&#8220;][vc_column_text el_class=&#8220;h1-title&#8220;] Dieses Fachgebiet umfasst Kommunikationstr\u00e4ger und -mittel, die f\u00fcr die Nutzung Ihrer Produkte im Laufe ihrer Lebensdauer sowie [&hellip;]<\/p>\n","protected":false},"author":5,"featured_media":0,"parent":0,"menu_order":0,"comment_status":"closed","ping_status":"closed","template":"","meta":[],"yoast_head":"<!-- This site is optimized with the Yoast SEO plugin v19.10 - https:\/\/yoast.com\/wordpress\/plugins\/seo\/ -->\n<title>Startseite - R\u00e9daTech<\/title>\n<meta name=\"description\" content=\"Dieses Fachgebiet umfasst Kommunikationstr\u00e4ger und -mittel, die f\u00fcr die Nutzung Ihrer Produkte im Laufe ihrer Lebensdauer sowie f\u00fcr Ihr Markenimage von entscheidender Bedeutung sind.\" \/>\n<meta name=\"robots\" content=\"index, follow, max-snippet:-1, max-image-preview:large, max-video-preview:-1\" \/>\n<link rel=\"canonical\" href=\"https:\/\/www.redatech.ch\/de\/\" \/>\n<meta property=\"og:locale\" content=\"de_DE\" \/>\n<meta property=\"og:type\" content=\"article\" \/>\n<meta property=\"og:title\" content=\"Startseite - R\u00e9daTech\" \/>\n<meta property=\"og:description\" content=\"Dieses Fachgebiet umfasst Kommunikationstr\u00e4ger und -mittel, die f\u00fcr die Nutzung Ihrer Produkte im Laufe ihrer Lebensdauer sowie f\u00fcr Ihr Markenimage von entscheidender Bedeutung sind.\" \/>\n<meta property=\"og:url\" content=\"https:\/\/www.redatech.ch\/de\/\" \/>\n<meta property=\"og:site_name\" content=\"R\u00e9daTech\" \/>\n<meta property=\"article:modified_time\" content=\"2023-01-16T13:01:19+00:00\" \/>\n<meta name=\"twitter:card\" content=\"summary_large_image\" \/>\n<meta name=\"twitter:label1\" content=\"Gesch\u00e4tzte Lesezeit\" \/>\n\t<meta name=\"twitter:data1\" content=\"6 Minuten\" \/>\n<script type=\"application\/ld+json\" class=\"yoast-schema-graph\">{\"@context\":\"https:\/\/schema.org\",\"@graph\":[{\"@type\":\"WebPage\",\"@id\":\"https:\/\/www.redatech.ch\/de\/\",\"url\":\"https:\/\/www.redatech.ch\/de\/\",\"name\":\"Startseite - R\u00e9daTech\",\"isPartOf\":{\"@id\":\"https:\/\/www.redatech.ch\/#website\"},\"datePublished\":\"2018-06-20T13:31:55+00:00\",\"dateModified\":\"2023-01-16T13:01:19+00:00\",\"description\":\"Dieses Fachgebiet umfasst Kommunikationstr\u00e4ger und -mittel, die f\u00fcr die Nutzung Ihrer Produkte im Laufe ihrer Lebensdauer sowie f\u00fcr Ihr Markenimage von entscheidender Bedeutung sind.\",\"breadcrumb\":{\"@id\":\"https:\/\/www.redatech.ch\/de\/#breadcrumb\"},\"inLanguage\":\"de-DE\",\"potentialAction\":[{\"@type\":\"ReadAction\",\"target\":[\"https:\/\/www.redatech.ch\/de\/\"]}]},{\"@type\":\"BreadcrumbList\",\"@id\":\"https:\/\/www.redatech.ch\/de\/#breadcrumb\",\"itemListElement\":[{\"@type\":\"ListItem\",\"position\":1,\"name\":\"Accueil\",\"item\":\"https:\/\/www.redatech.ch\/de\/\"},{\"@type\":\"ListItem\",\"position\":2,\"name\":\"Startseite\"}]},{\"@type\":\"WebSite\",\"@id\":\"https:\/\/www.redatech.ch\/#website\",\"url\":\"https:\/\/www.redatech.ch\/\",\"name\":\"R\u00e9daTech\",\"description\":\"\",\"publisher\":{\"@id\":\"https:\/\/www.redatech.ch\/#organization\"},\"potentialAction\":[{\"@type\":\"SearchAction\",\"target\":{\"@type\":\"EntryPoint\",\"urlTemplate\":\"https:\/\/www.redatech.ch\/?s={search_term_string}\"},\"query-input\":\"required name=search_term_string\"}],\"inLanguage\":\"de-DE\"},{\"@type\":\"Organization\",\"@id\":\"https:\/\/www.redatech.ch\/#organization\",\"name\":\"R\u00e9daTech SA\",\"url\":\"https:\/\/www.redatech.ch\/\",\"logo\":{\"@type\":\"ImageObject\",\"inLanguage\":\"de-DE\",\"@id\":\"https:\/\/www.redatech.ch\/#\/schema\/logo\/image\/\",\"url\":\"https:\/\/www.redatech.ch\/wp-content\/uploads\/2017\/11\/Logo_Redatech.png\",\"contentUrl\":\"https:\/\/www.redatech.ch\/wp-content\/uploads\/2017\/11\/Logo_Redatech.png\",\"width\":127,\"height\":100,\"caption\":\"R\u00e9daTech SA\"},\"image\":{\"@id\":\"https:\/\/www.redatech.ch\/#\/schema\/logo\/image\/\"},\"sameAs\":[\"https:\/\/www.linkedin.com\/company\/1337878\/\"]}]}<\/script>\n<!-- \/ Yoast SEO plugin. -->","yoast_head_json":{"title":"Startseite - R\u00e9daTech","description":"Dieses Fachgebiet umfasst Kommunikationstr\u00e4ger und -mittel, die f\u00fcr die Nutzung Ihrer Produkte im Laufe ihrer Lebensdauer sowie f\u00fcr Ihr Markenimage von entscheidender Bedeutung sind.","robots":{"index":"index","follow":"follow","max-snippet":"max-snippet:-1","max-image-preview":"max-image-preview:large","max-video-preview":"max-video-preview:-1"},"canonical":"https:\/\/www.redatech.ch\/de\/","og_locale":"de_DE","og_type":"article","og_title":"Startseite - R\u00e9daTech","og_description":"Dieses Fachgebiet umfasst Kommunikationstr\u00e4ger und -mittel, die f\u00fcr die Nutzung Ihrer Produkte im Laufe ihrer Lebensdauer sowie f\u00fcr Ihr Markenimage von entscheidender Bedeutung sind.","og_url":"https:\/\/www.redatech.ch\/de\/","og_site_name":"R\u00e9daTech","article_modified_time":"2023-01-16T13:01:19+00:00","twitter_card":"summary_large_image","twitter_misc":{"Gesch\u00e4tzte Lesezeit":"6 Minuten"},"schema":{"@context":"https:\/\/schema.org","@graph":[{"@type":"WebPage","@id":"https:\/\/www.redatech.ch\/de\/","url":"https:\/\/www.redatech.ch\/de\/","name":"Startseite - R\u00e9daTech","isPartOf":{"@id":"https:\/\/www.redatech.ch\/#website"},"datePublished":"2018-06-20T13:31:55+00:00","dateModified":"2023-01-16T13:01:19+00:00","description":"Dieses Fachgebiet umfasst Kommunikationstr\u00e4ger und -mittel, die f\u00fcr die Nutzung Ihrer Produkte im Laufe ihrer Lebensdauer sowie f\u00fcr Ihr Markenimage von entscheidender Bedeutung sind.","breadcrumb":{"@id":"https:\/\/www.redatech.ch\/de\/#breadcrumb"},"inLanguage":"de-DE","potentialAction":[{"@type":"ReadAction","target":["https:\/\/www.redatech.ch\/de\/"]}]},{"@type":"BreadcrumbList","@id":"https:\/\/www.redatech.ch\/de\/#breadcrumb","itemListElement":[{"@type":"ListItem","position":1,"name":"Accueil","item":"https:\/\/www.redatech.ch\/de\/"},{"@type":"ListItem","position":2,"name":"Startseite"}]},{"@type":"WebSite","@id":"https:\/\/www.redatech.ch\/#website","url":"https:\/\/www.redatech.ch\/","name":"R\u00e9daTech","description":"","publisher":{"@id":"https:\/\/www.redatech.ch\/#organization"},"potentialAction":[{"@type":"SearchAction","target":{"@type":"EntryPoint","urlTemplate":"https:\/\/www.redatech.ch\/?s={search_term_string}"},"query-input":"required name=search_term_string"}],"inLanguage":"de-DE"},{"@type":"Organization","@id":"https:\/\/www.redatech.ch\/#organization","name":"R\u00e9daTech SA","url":"https:\/\/www.redatech.ch\/","logo":{"@type":"ImageObject","inLanguage":"de-DE","@id":"https:\/\/www.redatech.ch\/#\/schema\/logo\/image\/","url":"https:\/\/www.redatech.ch\/wp-content\/uploads\/2017\/11\/Logo_Redatech.png","contentUrl":"https:\/\/www.redatech.ch\/wp-content\/uploads\/2017\/11\/Logo_Redatech.png","width":127,"height":100,"caption":"R\u00e9daTech SA"},"image":{"@id":"https:\/\/www.redatech.ch\/#\/schema\/logo\/image\/"},"sameAs":["https:\/\/www.linkedin.com\/company\/1337878\/"]}]}},"_links":{"self":[{"href":"https:\/\/www.redatech.ch\/de\/wp-json\/wp\/v2\/pages\/8090"}],"collection":[{"href":"https:\/\/www.redatech.ch\/de\/wp-json\/wp\/v2\/pages"}],"about":[{"href":"https:\/\/www.redatech.ch\/de\/wp-json\/wp\/v2\/types\/page"}],"author":[{"embeddable":true,"href":"https:\/\/www.redatech.ch\/de\/wp-json\/wp\/v2\/users\/5"}],"replies":[{"embeddable":true,"href":"https:\/\/www.redatech.ch\/de\/wp-json\/wp\/v2\/comments?post=8090"}],"version-history":[{"count":25,"href":"https:\/\/www.redatech.ch\/de\/wp-json\/wp\/v2\/pages\/8090\/revisions"}],"predecessor-version":[{"id":9274,"href":"https:\/\/www.redatech.ch\/de\/wp-json\/wp\/v2\/pages\/8090\/revisions\/9274"}],"wp:attachment":[{"href":"https:\/\/www.redatech.ch\/de\/wp-json\/wp\/v2\/media?parent=8090"}],"curies":[{"name":"wp","href":"https:\/\/api.w.org\/{rel}","templated":true}]}}